{"id":11,"date":"2015-09-19T07:31:04","date_gmt":"2015-09-19T07:31:04","guid":{"rendered":"http:\/\/www.dev.epe-saonevallee.org\/?page_id=11"},"modified":"2017-11-01T12:57:22","modified_gmt":"2017-11-01T12:57:22","slug":"presentation","status":"publish","type":"page","link":"https:\/\/www.epe-saonevallee.org\/?page_id=11","title":{"rendered":"Qui sommes nous ?"},"content":{"rendered":"<h1>Pr\u00e9sentation<\/h1>\n<h2>Et si on laissait nos pr\u00e9jug\u00e9s de c\u00f4t\u00e9 ? Venez d\u00e9couvrir l&rsquo;\u00e9glise d&rsquo;aujourd&rsquo;hui !<\/h2>\n<p>Vous serez toujours les bienvenus, quels que soient votre croyance ou votre point de vue. C\u2019est notre d\u00e9sir que chacun puisse trouver sa place parmi nous et cheminer selon son rythme\u2026<\/p>\n<h2>Qui sommes nous ?<\/h2>\n<p>L&rsquo;EPE Sa\u00f4ne Vall\u00e9e est un groupe de chr\u00e9tiens qui partagent et c\u00e9l\u00e8brent leur foi <b>(Eglise)<\/b>, qui reconnaissent la Bible comme leur seule autorit\u00e9 <b>(Protestante)<\/b>, qui comprennent qu&rsquo;on ne na\u00eet pas chr\u00e9tien mais qu&rsquo;on le devient <b>(Evang\u00e9lique)<\/b>, qui viennent essentiellement de la r\u00e9gion de Tr\u00e9voux <b>(Sa\u00f4ne Vall\u00e9e)<\/b>.<\/p>\n<p>Nous souhaitons vivre un christianisme authentique et rayonnant dans notre quotidien.<\/p>\n<h2>Pourquoi une nouvelle \u00e9glise \u00e0 Tr\u00e9voux ?<\/h2>\n<p>Jusqu&rsquo;en 2014, nous participions \u00e0 la vie d&rsquo;\u00e9glises situ\u00e9es \u00e0 Villeurbanne. Nous avons constat\u00e9 qu&rsquo;un nombre croissant de membres venaient de la grande banlieue lyonnaise, notamment dans l&rsquo;Est et au Nord.<\/p>\n<p>Ces participants t\u00e9moignaient de la difficult\u00e9 de venir jusqu&rsquo;\u00e0 Villeurbanne plusieurs fois par semaine. Nous souhaitions ouvrir une \u00e9glise de proximit\u00e9. Deux nouveaux lieux de culte ont donc \u00e9t\u00e9 ouverts \u00e0 Pont-de-Ch\u00e9ruy en 2013 et \u00e0 Tr\u00e9voux en 2014.<\/p>\n<h2>Affiliations<\/h2>\n<p>&#8211; l&rsquo;\u00e9glise est affili\u00e9e au Conseil National des Evang\u00e9liques de France, le CNEF (www.lecnef.org) et au R\u00e9seau FEF (www.reseaufef.org).<br \/>\n&#8211; de par son origine, l&rsquo;\u00e9glise cultive des liens \u00e9troits avec\u00a0l&rsquo;Eglise Protestante Evang\u00e9lique\u00a0de Villeurbanne Cusset (http:\/\/www.epevc.org\/).<\/p>\n","protected":false},"excerpt":{"rendered":"<p>Pr\u00e9sentation Et si on laissait nos pr\u00e9jug\u00e9s de c\u00f4t\u00e9 ? Venez d\u00e9couvrir l&rsquo;\u00e9glise d&rsquo;aujourd&rsquo;hui ! Vous serez toujours les bienvenus, quels que soient votre croyance ou votre point de vue. C\u2019est notre d\u00e9sir que chacun puisse trouver sa place parmi nous et cheminer selon son rythme\u2026 Qui sommes nous ? L&rsquo;EPE Sa\u00f4ne Vall\u00e9e est un [&hellip;]<\/p>\n","protected":false},"author":1,"featured_media":0,"parent":0,"menu_order":0,"comment_status":"open","ping_status":"open","template":"","meta":{"footnotes":""},"_links":{"self":[{"href":"https:\/\/www.epe-saonevallee.org\/index.php?rest_route=\/wp\/v2\/pages\/11"}],"collection":[{"href":"https:\/\/www.epe-saonevallee.org\/index.php?rest_route=\/wp\/v2\/pages"}],"about":[{"href":"https:\/\/www.epe-saonevallee.org\/index.php?rest_route=\/wp\/v2\/types\/page"}],"author":[{"embeddable":true,"href":"https:\/\/www.epe-saonevallee.org\/index.php?rest_route=\/wp\/v2\/users\/1"}],"replies":[{"embeddable":true,"href":"https:\/\/www.epe-saonevallee.org\/index.php?rest_route=%2Fwp%2Fv2%2Fcomments&post=11"}],"version-history":[{"count":10,"href":"https:\/\/www.epe-saonevallee.org\/index.php?rest_route=\/wp\/v2\/pages\/11\/revisions"}],"predecessor-version":[{"id":347,"href":"https:\/\/www.epe-saonevallee.org\/index.php?rest_route=\/wp\/v2\/pages\/11\/revisions\/347"}],"wp:attachment":[{"href":"https:\/\/www.epe-saonevallee.org\/index.php?rest_route=%2Fwp%2Fv2%2Fmedia&parent=11"}],"curies":[{"name":"wp","href":"https:\/\/api.w.org\/{rel}","templated":true}]}}