{"id":16,"date":"2015-09-19T07:34:19","date_gmt":"2015-09-19T07:34:19","guid":{"rendered":"http:\/\/www.dev.epe-saonevallee.org\/?page_id=16"},"modified":"2024-09-30T11:21:41","modified_gmt":"2024-09-30T11:21:41","slug":"activites","status":"publish","type":"page","link":"https:\/\/www.epe-saonevallee.org\/?page_id=16","title":{"rendered":"Activit\u00e9s"},"content":{"rendered":"<div class=\"fusion-fullwidth fullwidth-box fusion-builder-row-1 hundred-percent-fullwidth non-hundred-percent-height-scrolling\" style=\"background-color: #ffffff;background-position: center center;background-repeat: no-repeat;padding-top:0px;padding-right:0px;padding-bottom:0px;padding-left:0px;margin-bottom: 0px;margin-top: 0px;border-width: 0px 0px 0px 0px;border-color:#eae9e9;border-style:solid;\" ><div class=\"fusion-builder-row fusion-row\"><div class=\"fusion-layout-column fusion_builder_column fusion-builder-column-0 fusion_builder_column_1_1 1_1 fusion-one-full fusion-column-first fusion-column-last\" style=\"margin-top:0px;margin-bottom:20px;\"><div class=\"fusion-column-wrapper fusion-flex-column-wrapper-legacy\" style=\"background-position:left top;background-repeat:no-repeat;-webkit-background-size:cover;-moz-background-size:cover;-o-background-size:cover;background-size:cover;padding: 0px 0px 0px 0px;\"><div class=\"fusion-text fusion-text-1\"><h1><strong>Activit\u00e9s<\/strong><\/h1>\n<p>Ces diff\u00e9rentes activit\u00e9s propos\u00e9es visent \u00e0 r\u00e9pondre \u00e0 nos 3 orientations.<\/p>\n<p>Pensez \u00e0 v\u00e9rifier le <a href=\"http:\/\/www.epe-saonevallee.org\/?page_id=142\">calendrier<\/a> pour la programmation des activit\u00e9s!<\/p>\n<\/div><div class=\"fusion-clearfix\"><\/div><\/div><\/div><div class=\"fusion-layout-column fusion_builder_column fusion-builder-column-1 fusion_builder_column_2_3 2_3 fusion-two-third fusion-column-first\" style=\"width:65.3333%; margin-right: 4%;margin-top:0px;margin-bottom:20px;\"><div class=\"fusion-column-wrapper fusion-flex-column-wrapper-legacy\" style=\"background-position:left top;background-repeat:no-repeat;-webkit-background-size:cover;-moz-background-size:cover;-o-background-size:cover;background-size:cover;padding: 0px 0px 0px 0px;\"><div class=\"fusion-text fusion-text-2\"><h2>C\u00e9l\u00e9bration<\/h2>\n<p>Nous nous r\u00e9unissons tous les dimanches \u00e0 10h30 pour c\u00e9l\u00e9brer Dieu, c&rsquo;est \u00e0 dire faire la f\u00eate en l&rsquo;honneur de Dieu ensemble.\u00a0 Cette rencontre qui dure 1 heure, se veut accessible \u00e0 tous, avec une r\u00e9flexion biblique pertinente pour nous donner l&rsquo;occasion de changer des choses dans nos vie et connaitre Dieu encore plus.<\/p>\n<\/div><div class=\"fusion-clearfix\"><\/div><\/div><\/div><div class=\"fusion-layout-column fusion_builder_column fusion-builder-column-2 fusion_builder_column_1_3 1_3 fusion-one-third fusion-column-last\" style=\"width:30.6666%;margin-top:0px;margin-bottom:20px;\"><div class=\"fusion-column-wrapper fusion-flex-column-wrapper-legacy\" style=\"background-position:left top;background-repeat:no-repeat;-webkit-background-size:cover;-moz-background-size:cover;-o-background-size:cover;background-size:cover;padding: 0px 0px 0px 0px;\"><span class=\" fusion-imageframe imageframe-none imageframe-1 hover-type-none\"><img decoding=\"async\" width=\"1334\" image_height=\"888\" image_id=\"648\" title=\"Culte\" src=\"http:\/\/www.epe-saonevallee.org\/wp-content\/uploads\/2023\/06\/Culte.jpg\" class=\"img-responsive wp-image-648\" srcset=\"https:\/\/www.epe-saonevallee.org\/wp-content\/uploads\/2023\/06\/Culte-200x133.jpg 200w, https:\/\/www.epe-saonevallee.org\/wp-content\/uploads\/2023\/06\/Culte-400x266.jpg 400w, https:\/\/www.epe-saonevallee.org\/wp-content\/uploads\/2023\/06\/Culte-600x399.jpg 600w, https:\/\/www.epe-saonevallee.org\/wp-content\/uploads\/2023\/06\/Culte-800x533.jpg 800w, https:\/\/www.epe-saonevallee.org\/wp-content\/uploads\/2023\/06\/Culte-1200x799.jpg 1200w, https:\/\/www.epe-saonevallee.org\/wp-content\/uploads\/2023\/06\/Culte.jpg 1334w\" sizes=\"(max-width: 800px) 100vw, 400px\" \/><\/span><div class=\"fusion-clearfix\"><\/div><\/div><\/div><div class=\"fusion-layout-column fusion_builder_column fusion-builder-column-3 fusion_builder_column_2_3 2_3 fusion-two-third fusion-column-first\" style=\"width:65.3333%; margin-right: 4%;margin-top:0px;margin-bottom:20px;\"><div class=\"fusion-column-wrapper fusion-flex-column-wrapper-legacy\" style=\"background-position:left top;background-repeat:no-repeat;-webkit-background-size:cover;-moz-background-size:cover;-o-background-size:cover;background-size:cover;padding: 0px 0px 0px 0px;\"><div class=\"fusion-text fusion-text-3\"><h2>Rencontre de maison et \u00e9tudes Bibliques<\/h2>\n<p>Toutes les deux semaines, nous nous r\u00e9unissons pour un temps de partage et de pri\u00e8re suivi par une \u00e9tude d&rsquo;un passage de la Bible o\u00f9 chacun est invit\u00e9 \u00e0 participer.<\/p>\n<\/div><div class=\"fusion-clearfix\"><\/div><\/div><\/div><div class=\"fusion-layout-column fusion_builder_column fusion-builder-column-4 fusion_builder_column_1_3 1_3 fusion-one-third fusion-column-last\" style=\"width:30.6666%;margin-top:0px;margin-bottom:20px;\"><div class=\"fusion-column-wrapper fusion-flex-column-wrapper-legacy\" style=\"background-position:left top;background-repeat:no-repeat;-webkit-background-size:cover;-moz-background-size:cover;-o-background-size:cover;background-size:cover;padding: 0px 0px 0px 0px;\"><div class=\"fusion-clearfix\"><\/div><\/div><\/div><div class=\"fusion-layout-column fusion_builder_column fusion-builder-column-5 fusion_builder_column_2_3 2_3 fusion-two-third fusion-column-first\" style=\"width:65.3333%; margin-right: 4%;margin-top:0px;margin-bottom:20px;\"><div class=\"fusion-column-wrapper fusion-flex-column-wrapper-legacy\" style=\"background-position:left top;background-repeat:no-repeat;-webkit-background-size:cover;-moz-background-size:cover;-o-background-size:cover;background-size:cover;padding: 0px 0px 0px 0px;\"><div class=\"fusion-text fusion-text-4\"><h2>Groupe de croissance<\/h2>\n<p>A 2 ou \u00e0 3, nous nous rencontrons en semaine pour lire la Bible et prier. Ces moments en toute intimit\u00e9, \u00e0 dates et horaires flexibles, nous permettent de partager en toute libert\u00e9 et de nous ressourcer.<\/p>\n<\/div><div class=\"fusion-clearfix\"><\/div><\/div><\/div><div class=\"fusion-layout-column fusion_builder_column fusion-builder-column-6 fusion_builder_column_1_3 1_3 fusion-one-third fusion-column-last\" style=\"width:30.6666%;margin-top:0px;margin-bottom:20px;\"><div class=\"fusion-column-wrapper fusion-flex-column-wrapper-legacy\" style=\"background-position:left top;background-repeat:no-repeat;-webkit-background-size:cover;-moz-background-size:cover;-o-background-size:cover;background-size:cover;padding: 0px 0px 0px 0px;\"><div class=\"fusion-clearfix\"><\/div><\/div><\/div><div class=\"fusion-layout-column fusion_builder_column fusion-builder-column-7 fusion_builder_column_2_3 2_3 fusion-two-third fusion-column-first\" style=\"width:65.3333%; margin-right: 4%;margin-top:0px;margin-bottom:20px;\"><div class=\"fusion-column-wrapper fusion-flex-column-wrapper-legacy\" style=\"background-position:left top;background-repeat:no-repeat;-webkit-background-size:cover;-moz-background-size:cover;-o-background-size:cover;background-size:cover;padding: 0px 0px 0px 0px;\"><div class=\"fusion-text fusion-text-5\"><h2>Scoutisme<\/h2>\n<p>La p\u00e9dagogie scoute vise \u00e0 former des hommes et des femmes \u00e9panouis et actifs dans la soci\u00e9t\u00e9. C\u2019est une m\u00e9thode d\u2019\u00e9ducation globale, c\u2019est-\u00e0-dire qu\u2019elle prend en compte le d\u00e9veloppement complet de l\u2019individu. Elle est bas\u00e9e sur le d\u00e9veloppement de la personnalit\u00e9, du savoir-faire, du civisme, du sens social et du sens de Dieu.<\/p>\n<p>Nous organisons le groupe des Louveteaux pour les 8-12 ans et le groupe des Eclaireurs pour les 13-17 ans. Certains weekends et les camps d&rsquo;\u00e9t\u00e9 regroupent plusieurs Troupes.<\/p>\n<p>Si vous avez des enfants entre 7 et 12 ans, ils trouveront un immense plaisir \u00e0 participer \u00e0 ces activit\u00e9s.<\/p>\n<\/div><div class=\"fusion-clearfix\"><\/div><\/div><\/div><div class=\"fusion-layout-column fusion_builder_column fusion-builder-column-8 fusion_builder_column_1_3 1_3 fusion-one-third fusion-column-last\" style=\"width:30.6666%;margin-top:0px;margin-bottom:20px;\"><div class=\"fusion-column-wrapper fusion-flex-column-wrapper-legacy\" style=\"background-position:left top;background-repeat:no-repeat;-webkit-background-size:cover;-moz-background-size:cover;-o-background-size:cover;background-size:cover;padding: 0px 0px 0px 0px;\"><div class=\"fusion-slider-sc fusion-flexslider-loading flexslider flexslider-hover-type-none\" data-slideshow_autoplay=\"1\" data-slideshow_smooth_height=\"0\" data-slideshow_speed=\"7000\" style=\"max-width:100%;height:100%;\"><ul class=\"slides\"><li class=\"image\"><span class=\"fusion-image-hover-element hover-type-none\"><img decoding=\"async\" src=\"http:\/\/www.epe-saonevallee.org\/wp-content\/uploads\/2015\/09\/groupe.jpg\" \/><\/span><\/li><li class=\"image\"><span class=\"fusion-image-hover-element hover-type-none\"><img decoding=\"async\" src=\"http:\/\/www.epe-saonevallee.org\/wp-content\/uploads\/2015\/09\/tente.jpg\" \/><\/span><\/li><li class=\"image\"><span class=\"fusion-image-hover-element hover-type-none\"><img decoding=\"async\" src=\"http:\/\/www.epe-saonevallee.org\/wp-content\/uploads\/2015\/09\/jeux.jpg\" \/><\/span><\/li><li class=\"image\"><span class=\"fusion-image-hover-element hover-type-none\"><img decoding=\"async\" src=\"http:\/\/www.epe-saonevallee.org\/wp-content\/uploads\/2015\/09\/arbre-e1445420232581.jpg\" \/><\/span><\/li><\/ul><\/div><div class=\"fusion-clearfix\"><\/div><\/div><\/div><div class=\"fusion-layout-column fusion_builder_column fusion-builder-column-9 fusion_builder_column_2_3 2_3 fusion-two-third fusion-column-first\" style=\"width:65.3333%; margin-right: 4%;margin-top:0px;margin-bottom:20px;\"><div class=\"fusion-column-wrapper fusion-flex-column-wrapper-legacy\" style=\"background-position:left top;background-repeat:no-repeat;-webkit-background-size:cover;-moz-background-size:cover;-o-background-size:cover;background-size:cover;padding: 0px 0px 0px 0px;\"><div class=\"fusion-text fusion-text-6\"><h2>Groupe de jeunes coll\u00e9giens et lyc\u00e9ens<\/h2>\n<p>Une rencontre est d\u00e9di\u00e9e aux coll\u00e9giens, le groupe \u00ab\u00a0Mikado\u00a0\u00bb.<\/p>\n<p>Une autre rencontre permet aux lyc\u00e9ens et jeunes adultes de se rencontrer.<\/p>\n<p>Les groupes se r\u00e9unissent actuellement 1 samedi par mois pour un moment convivial:<\/p>\n<ul>\n<li>des rencontres<\/li>\n<li>des temps de r\u00e9flexions sur la Bible et la foi<\/li>\n<li>des activit\u00e9s sportives ou culturelles<\/li>\n<li>de l\u2019engagement social<\/li>\n<\/ul>\n<p>Avec de WE pendants l&rsquo;ann\u00e9e.<\/p>\n<p>En cumulant avec les scouts, les jeunes peuvent ainsi avoir une activit\u00e9 toutes les deux semaines.<\/p>\n<p>Ces activit\u00e9s s ont organis\u00e9es en commun avec l&rsquo;<a href=\"http:\/\/www.eglise-protestante-evangelique-villefranche.fr\/\">Eglise Evang\u00e9lique de Villefranche-Beligny<\/a>.<\/p>\n<\/div><div class=\"fusion-clearfix\"><\/div><\/div><\/div><\/div><style type=\"text\/css\">.fusion-fullwidth.fusion-builder-row-1 { overflow:visible; }<\/style><\/div>\n","protected":false},"excerpt":{"rendered":"","protected":false},"author":1,"featured_media":0,"parent":0,"menu_order":0,"comment_status":"open","ping_status":"open","template":"","meta":{"footnotes":""},"_links":{"self":[{"href":"https:\/\/www.epe-saonevallee.org\/index.php?rest_route=\/wp\/v2\/pages\/16"}],"collection":[{"href":"https:\/\/www.epe-saonevallee.org\/index.php?rest_route=\/wp\/v2\/pages"}],"about":[{"href":"https:\/\/www.epe-saonevallee.org\/index.php?rest_route=\/wp\/v2\/types\/page"}],"author":[{"embeddable":true,"href":"https:\/\/www.epe-saonevallee.org\/index.php?rest_route=\/wp\/v2\/users\/1"}],"replies":[{"embeddable":true,"href":"https:\/\/www.epe-saonevallee.org\/index.php?rest_route=%2Fwp%2Fv2%2Fcomments&post=16"}],"version-history":[{"count":20,"href":"https:\/\/www.epe-saonevallee.org\/index.php?rest_route=\/wp\/v2\/pages\/16\/revisions"}],"predecessor-version":[{"id":725,"href":"https:\/\/www.epe-saonevallee.org\/index.php?rest_route=\/wp\/v2\/pages\/16\/revisions\/725"}],"wp:attachment":[{"href":"https:\/\/www.epe-saonevallee.org\/index.php?rest_route=%2Fwp%2Fv2%2Fmedia&parent=16"}],"curies":[{"name":"wp","href":"https:\/\/api.w.org\/{rel}","templated":true}]}}