{"id":162,"date":"2015-11-08T20:40:50","date_gmt":"2015-11-08T20:40:50","guid":{"rendered":"http:\/\/www.epe-saonevallee.org\/?page_id=162"},"modified":"2025-03-09T18:05:15","modified_gmt":"2025-03-09T18:05:15","slug":"conseil-deglise","status":"publish","type":"page","link":"https:\/\/www.epe-saonevallee.org\/?page_id=162","title":{"rendered":"Conseil d&rsquo;\u00e9glise"},"content":{"rendered":"<div class=\"fusion-fullwidth fullwidth-box fusion-builder-row-1 hundred-percent-fullwidth non-hundred-percent-height-scrolling\" style=\"background-color: #ffffff;background-position: center center;background-repeat: no-repeat;padding-top:0px;padding-right:0px;padding-bottom:0px;padding-left:0px;margin-bottom: 0px;margin-top: 0px;border-width: 0px 0px 0px 0px;border-color:#eae9e9;border-style:solid;\" ><div class=\"fusion-builder-row fusion-row\"><div class=\"fusion-layout-column fusion_builder_column fusion-builder-column-0 fusion_builder_column_1_1 1_1 fusion-one-full fusion-column-first fusion-column-last\" style=\"margin-top:0px;margin-bottom:20px;\"><div class=\"fusion-column-wrapper fusion-flex-column-wrapper-legacy\" style=\"background-position:left top;background-repeat:no-repeat;-webkit-background-size:cover;-moz-background-size:cover;-o-background-size:cover;background-size:cover;padding: 0px 0px 0px 0px;\"><div class=\"fusion-text fusion-text-1\"><p>Notre \u00e9glise est organis\u00e9e autour du \u00ab\u00a0conseil d&rsquo;\u00e9glise\u00a0\u00bb qui coordonne la vie pratique de l&rsquo;\u00e9glise.<\/p>\n<\/div><div class=\"fusion-clearfix\"><\/div><\/div><\/div><div class=\"fusion-layout-column fusion_builder_column fusion-builder-column-1 fusion_builder_column_1_3 1_3 fusion-one-third fusion-column-first\" style=\"width:30.6666%; margin-right: 4%;margin-top:0px;margin-bottom:20px;\"><div class=\"fusion-column-wrapper fusion-flex-column-wrapper-legacy\" style=\"background-position:left top;background-repeat:no-repeat;-webkit-background-size:cover;-moz-background-size:cover;-o-background-size:cover;background-size:cover;padding: 0px 0px 0px 0px;\"><span class=\" fusion-imageframe imageframe-none imageframe-1 hover-type-none\"><img decoding=\"async\" width=\"600\" image_height=\"600\" image_id=\"746\" title=\"Jean-Marc\" src=\"http:\/\/www.epe-saonevallee.org\/wp-content\/uploads\/2025\/03\/Jean-Marc.jpg\" class=\"img-responsive wp-image-746\" srcset=\"https:\/\/www.epe-saonevallee.org\/wp-content\/uploads\/2025\/03\/Jean-Marc-200x200.jpg 200w, https:\/\/www.epe-saonevallee.org\/wp-content\/uploads\/2025\/03\/Jean-Marc-400x400.jpg 400w, https:\/\/www.epe-saonevallee.org\/wp-content\/uploads\/2025\/03\/Jean-Marc.jpg 600w\" sizes=\"(max-width: 800px) 100vw, 400px\" \/><\/span><div class=\"fusion-text fusion-text-2\"><p style=\"text-align: center;\">Jean-Marc<\/p>\n<p style=\"text-align: center;\">Coordonne la r\u00e9union de pri\u00e8re et les soir\u00e9es de louanges<\/p>\n<\/div><div class=\"fusion-clearfix\"><\/div><\/div><\/div><div class=\"fusion-layout-column fusion_builder_column fusion-builder-column-2 fusion_builder_column_1_3 1_3 fusion-one-third\" style=\"width:30.6666%; margin-right: 4%;margin-top:0px;margin-bottom:20px;\"><div class=\"fusion-column-wrapper fusion-flex-column-wrapper-legacy\" style=\"background-position:left top;background-repeat:no-repeat;-webkit-background-size:cover;-moz-background-size:cover;-o-background-size:cover;background-size:cover;padding: 0px 0px 0px 0px;\"><span class=\" fusion-imageframe imageframe-none imageframe-2 hover-type-none\"><img decoding=\"async\" width=\"800\" image_height=\"800\" image_id=\"574\" title=\"00_Philippe_2021\" src=\"http:\/\/www.epe-saonevallee.org\/wp-content\/uploads\/2021\/12\/00_Philippe_2021.png\" class=\"img-responsive wp-image-574\" srcset=\"https:\/\/www.epe-saonevallee.org\/wp-content\/uploads\/2021\/12\/00_Philippe_2021-200x200.png 200w, https:\/\/www.epe-saonevallee.org\/wp-content\/uploads\/2021\/12\/00_Philippe_2021-400x400.png 400w, https:\/\/www.epe-saonevallee.org\/wp-content\/uploads\/2021\/12\/00_Philippe_2021-600x600.png 600w, https:\/\/www.epe-saonevallee.org\/wp-content\/uploads\/2021\/12\/00_Philippe_2021.png 800w\" sizes=\"(max-width: 800px) 100vw, 400px\" \/><\/span><div class=\"fusion-text fusion-text-3\"><p style=\"text-align: center;\">Philippe<\/p>\n<p style=\"text-align: center;\">Pr\u00e9sident de l&rsquo;association cultuelle<\/p>\n<\/div><div class=\"fusion-clearfix\"><\/div><\/div><\/div><div class=\"fusion-layout-column fusion_builder_column fusion-builder-column-3 fusion_builder_column_1_3 1_3 fusion-one-third fusion-column-last\" style=\"width:30.6666%;margin-top:0px;margin-bottom:20px;\"><div class=\"fusion-column-wrapper fusion-flex-column-wrapper-legacy\" style=\"background-position:left top;background-repeat:no-repeat;-webkit-background-size:cover;-moz-background-size:cover;-o-background-size:cover;background-size:cover;padding: 0px 0px 0px 0px;\"><span class=\" fusion-imageframe imageframe-none imageframe-3 hover-type-none\"><img decoding=\"async\" width=\"600\" image_height=\"600\" image_id=\"742\" title=\"chantal\" src=\"http:\/\/www.epe-saonevallee.org\/wp-content\/uploads\/2025\/03\/chantal.png\" class=\"img-responsive wp-image-742\" srcset=\"https:\/\/www.epe-saonevallee.org\/wp-content\/uploads\/2025\/03\/chantal-200x200.png 200w, https:\/\/www.epe-saonevallee.org\/wp-content\/uploads\/2025\/03\/chantal-400x400.png 400w, https:\/\/www.epe-saonevallee.org\/wp-content\/uploads\/2025\/03\/chantal.png 600w\" sizes=\"(max-width: 800px) 100vw, 400px\" \/><\/span><div class=\"fusion-text fusion-text-4\"><p style=\"text-align: center;\">Chantal<\/p>\n<p style=\"text-align: center;\">Tr\u00e9sori\u00e8re<\/p>\n<\/div><div class=\"fusion-clearfix\"><\/div><\/div><\/div><div class=\"fusion-layout-column fusion_builder_column fusion-builder-column-4 fusion_builder_column_1_3 1_3 fusion-one-third fusion-column-first\" style=\"width:30.6666%; margin-right: 4%;margin-top:0px;margin-bottom:20px;\"><div class=\"fusion-column-wrapper fusion-flex-column-wrapper-legacy\" style=\"background-position:left top;background-repeat:no-repeat;-webkit-background-size:cover;-moz-background-size:cover;-o-background-size:cover;background-size:cover;padding: 0px 0px 0px 0px;\"><span class=\" fusion-imageframe imageframe-none imageframe-4 hover-type-none\"><img decoding=\"async\" width=\"600\" image_height=\"600\" image_id=\"743\" title=\"benjamin\" src=\"http:\/\/www.epe-saonevallee.org\/wp-content\/uploads\/2025\/03\/benjamin.png\" class=\"img-responsive wp-image-743\" srcset=\"https:\/\/www.epe-saonevallee.org\/wp-content\/uploads\/2025\/03\/benjamin-200x200.png 200w, https:\/\/www.epe-saonevallee.org\/wp-content\/uploads\/2025\/03\/benjamin-400x400.png 400w, https:\/\/www.epe-saonevallee.org\/wp-content\/uploads\/2025\/03\/benjamin.png 600w\" sizes=\"(max-width: 800px) 100vw, 400px\" \/><\/span><div class=\"fusion-text fusion-text-5\"><p style=\"text-align: center;\">Benjamin<\/p>\n<p style=\"text-align: center;\">Coordonne les activit\u00e9s jeunesse : culte pour les enfants le dimanche et scoutisme<\/p>\n<\/div><div class=\"fusion-clearfix\"><\/div><\/div><\/div><div class=\"fusion-layout-column fusion_builder_column fusion-builder-column-5 fusion_builder_column_1_3 1_3 fusion-one-third\" style=\"width:30.6666%; margin-right: 4%;margin-top:0px;margin-bottom:20px;\"><div class=\"fusion-column-wrapper fusion-flex-column-wrapper-legacy\" style=\"background-position:left top;background-repeat:no-repeat;-webkit-background-size:cover;-moz-background-size:cover;-o-background-size:cover;background-size:cover;padding: 0px 0px 0px 0px;\"><span class=\" fusion-imageframe imageframe-none imageframe-5 hover-type-none\"><img decoding=\"async\" width=\"800\" image_height=\"800\" image_id=\"569\" title=\"00_Kevin_2021\" src=\"http:\/\/www.epe-saonevallee.org\/wp-content\/uploads\/2021\/12\/00_Kevin_2021.png\" class=\"img-responsive wp-image-569\" srcset=\"https:\/\/www.epe-saonevallee.org\/wp-content\/uploads\/2021\/12\/00_Kevin_2021-200x200.png 200w, https:\/\/www.epe-saonevallee.org\/wp-content\/uploads\/2021\/12\/00_Kevin_2021-400x400.png 400w, https:\/\/www.epe-saonevallee.org\/wp-content\/uploads\/2021\/12\/00_Kevin_2021-600x600.png 600w, https:\/\/www.epe-saonevallee.org\/wp-content\/uploads\/2021\/12\/00_Kevin_2021.png 800w\" sizes=\"(max-width: 800px) 100vw, 400px\" \/><\/span><div class=\"fusion-text fusion-text-6\"><p style=\"text-align: center;\">K\u00e9vin<\/p>\n<p style=\"text-align: center;\">Coordonne l&rsquo;animation du culte et de la louange<\/p>\n<\/div><div class=\"fusion-clearfix\"><\/div><\/div><\/div><div class=\"fusion-layout-column fusion_builder_column fusion-builder-column-6 fusion_builder_column_1_3 1_3 fusion-one-third fusion-column-last\" style=\"width:30.6666%;margin-top:0px;margin-bottom:20px;\"><div class=\"fusion-column-wrapper fusion-flex-column-wrapper-legacy\" style=\"background-position:left top;background-repeat:no-repeat;-webkit-background-size:cover;-moz-background-size:cover;-o-background-size:cover;background-size:cover;padding: 0px 0px 0px 0px;\"><span class=\" fusion-imageframe imageframe-none imageframe-6 hover-type-none\"><img decoding=\"async\" width=\"800\" image_height=\"800\" image_id=\"572\" title=\"00_MarieHelene_2021\" src=\"http:\/\/www.epe-saonevallee.org\/wp-content\/uploads\/2021\/12\/00_MarieHelene_2021.png\" class=\"img-responsive wp-image-572\" srcset=\"https:\/\/www.epe-saonevallee.org\/wp-content\/uploads\/2021\/12\/00_MarieHelene_2021-200x200.png 200w, https:\/\/www.epe-saonevallee.org\/wp-content\/uploads\/2021\/12\/00_MarieHelene_2021-400x400.png 400w, https:\/\/www.epe-saonevallee.org\/wp-content\/uploads\/2021\/12\/00_MarieHelene_2021-600x600.png 600w, https:\/\/www.epe-saonevallee.org\/wp-content\/uploads\/2021\/12\/00_MarieHelene_2021.png 800w\" sizes=\"(max-width: 800px) 100vw, 400px\" \/><\/span><div class=\"fusion-text fusion-text-7\"><p style=\"text-align: center;\">Marie-H\u00e9l\u00e8ne<\/p>\n<p style=\"text-align: center;\">Coordonne l&rsquo;accueil, le groupe des dames et les actions pratiques<\/p>\n<\/div><div class=\"fusion-clearfix\"><\/div><\/div><\/div><div class=\"fusion-layout-column fusion_builder_column fusion-builder-column-7 fusion_builder_column_1_3 1_3 fusion-one-third fusion-column-first\" style=\"width:30.6666%; margin-right: 4%;margin-top:0px;margin-bottom:20px;\"><div class=\"fusion-column-wrapper fusion-flex-column-wrapper-legacy\" style=\"background-position:left top;background-repeat:no-repeat;-webkit-background-size:cover;-moz-background-size:cover;-o-background-size:cover;background-size:cover;padding: 0px 0px 0px 0px;\"><span class=\" fusion-imageframe imageframe-none imageframe-7 hover-type-none\"><img decoding=\"async\" width=\"800\" image_height=\"800\" image_id=\"567\" title=\"00_Florent_2021\" src=\"http:\/\/www.epe-saonevallee.org\/wp-content\/uploads\/2021\/12\/00_Florent_2021.png\" class=\"img-responsive wp-image-567\" srcset=\"https:\/\/www.epe-saonevallee.org\/wp-content\/uploads\/2021\/12\/00_Florent_2021-200x200.png 200w, https:\/\/www.epe-saonevallee.org\/wp-content\/uploads\/2021\/12\/00_Florent_2021-400x400.png 400w, https:\/\/www.epe-saonevallee.org\/wp-content\/uploads\/2021\/12\/00_Florent_2021-600x600.png 600w, https:\/\/www.epe-saonevallee.org\/wp-content\/uploads\/2021\/12\/00_Florent_2021.png 800w\" sizes=\"(max-width: 800px) 100vw, 400px\" \/><\/span><div class=\"fusion-text fusion-text-8\"><p style=\"text-align: center;\">Florent<\/p>\n<p style=\"text-align: center;\">\u00a0D\u00e9couverte de l\u2019\u00c9vangile et formation<\/p>\n<\/div><div class=\"fusion-clearfix\"><\/div><\/div><\/div><div class=\"fusion-layout-column fusion_builder_column fusion-builder-column-8 fusion_builder_column_1_3 1_3 fusion-one-third\" style=\"width:30.6666%; margin-right: 4%;margin-top:0px;margin-bottom:20px;\"><div class=\"fusion-column-wrapper fusion-flex-column-wrapper-legacy\" style=\"background-position:left top;background-repeat:no-repeat;-webkit-background-size:cover;-moz-background-size:cover;-o-background-size:cover;background-size:cover;padding: 0px 0px 0px 0px;\"><span class=\" fusion-imageframe imageframe-none imageframe-8 hover-type-none\"><img decoding=\"async\" width=\"800\" image_height=\"800\" image_id=\"573\" title=\"00_Martine_2021\" src=\"http:\/\/www.epe-saonevallee.org\/wp-content\/uploads\/2021\/12\/00_Martine_2021.png\" class=\"img-responsive wp-image-573\" srcset=\"https:\/\/www.epe-saonevallee.org\/wp-content\/uploads\/2021\/12\/00_Martine_2021-200x200.png 200w, https:\/\/www.epe-saonevallee.org\/wp-content\/uploads\/2021\/12\/00_Martine_2021-400x400.png 400w, https:\/\/www.epe-saonevallee.org\/wp-content\/uploads\/2021\/12\/00_Martine_2021-600x600.png 600w, https:\/\/www.epe-saonevallee.org\/wp-content\/uploads\/2021\/12\/00_Martine_2021.png 800w\" sizes=\"(max-width: 800px) 100vw, 400px\" \/><\/span><div class=\"fusion-text fusion-text-9\"><p style=\"text-align: center;\">Martine<\/p>\n<p style=\"text-align: center;\">Secr\u00e9taire de l&rsquo;association et r\u00e9f\u00e9rente de la pr\u00e9vention des abus<\/p>\n<\/div><div class=\"fusion-clearfix\"><\/div><\/div><\/div><div class=\"fusion-layout-column fusion_builder_column fusion-builder-column-9 fusion_builder_column_1_3 1_3 fusion-one-third fusion-column-last\" style=\"width:30.6666%;margin-top:0px;margin-bottom:20px;\"><div class=\"fusion-column-wrapper fusion-flex-column-wrapper-legacy\" style=\"background-position:left top;background-repeat:no-repeat;-webkit-background-size:cover;-moz-background-size:cover;-o-background-size:cover;background-size:cover;padding: 0px 0px 0px 0px;\"><span class=\" fusion-imageframe imageframe-none imageframe-9 hover-type-none\"><img decoding=\"async\" width=\"800\" image_height=\"800\" image_id=\"578\" title=\"00_Christian_2021\" src=\"http:\/\/www.epe-saonevallee.org\/wp-content\/uploads\/2021\/12\/00_Christian_2021-1.png\" class=\"img-responsive wp-image-578\" srcset=\"https:\/\/www.epe-saonevallee.org\/wp-content\/uploads\/2021\/12\/00_Christian_2021-1-200x200.png 200w, https:\/\/www.epe-saonevallee.org\/wp-content\/uploads\/2021\/12\/00_Christian_2021-1-400x400.png 400w, https:\/\/www.epe-saonevallee.org\/wp-content\/uploads\/2021\/12\/00_Christian_2021-1-600x600.png 600w, https:\/\/www.epe-saonevallee.org\/wp-content\/uploads\/2021\/12\/00_Christian_2021-1.png 800w\" sizes=\"(max-width: 800px) 100vw, 400px\" \/><\/span><div class=\"fusion-text fusion-text-10\"><p style=\"text-align: center;\">Christian<\/p>\n<p style=\"text-align: center;\">Coordonne les accompagnements spirituels<\/p>\n<\/div><div class=\"fusion-clearfix\"><\/div><\/div><\/div><div class=\"fusion-layout-column fusion_builder_column fusion-builder-column-10 fusion_builder_column_1_3 1_3 fusion-one-third fusion-column-first\" style=\"width:30.6666%; margin-right: 4%;margin-top:0px;margin-bottom:20px;\"><div class=\"fusion-column-wrapper fusion-flex-column-wrapper-legacy\" style=\"background-position:left top;background-repeat:no-repeat;-webkit-background-size:cover;-moz-background-size:cover;-o-background-size:cover;background-size:cover;padding: 0px 0px 0px 0px;\"><span class=\" fusion-imageframe imageframe-none imageframe-10 hover-type-none\"><img decoding=\"async\" width=\"800\" image_height=\"800\" image_id=\"565\" title=\"00_PhilippeF_2021\" src=\"http:\/\/www.epe-saonevallee.org\/wp-content\/uploads\/2021\/12\/00_PhilippeF_2021.png\" class=\"img-responsive wp-image-565\" srcset=\"https:\/\/www.epe-saonevallee.org\/wp-content\/uploads\/2021\/12\/00_PhilippeF_2021-200x200.png 200w, https:\/\/www.epe-saonevallee.org\/wp-content\/uploads\/2021\/12\/00_PhilippeF_2021-400x400.png 400w, https:\/\/www.epe-saonevallee.org\/wp-content\/uploads\/2021\/12\/00_PhilippeF_2021-600x600.png 600w, https:\/\/www.epe-saonevallee.org\/wp-content\/uploads\/2021\/12\/00_PhilippeF_2021.png 800w\" sizes=\"(max-width: 800px) 100vw, 400px\" \/><\/span><div class=\"fusion-text fusion-text-11\"><p style=\"text-align: center;\">Philippe<\/p>\n<p style=\"text-align: center;\">Coordonne la logistique et le groupe des hommes<\/p>\n<\/div><div class=\"fusion-clearfix\"><\/div><\/div><\/div><div class=\"fusion-layout-column fusion_builder_column fusion-builder-column-11 fusion_builder_column_1_3 1_3 fusion-one-third\" style=\"width:30.6666%; margin-right: 4%;margin-top:0px;margin-bottom:20px;\"><div class=\"fusion-column-wrapper fusion-flex-column-wrapper-legacy\" style=\"background-position:left top;background-repeat:no-repeat;-webkit-background-size:cover;-moz-background-size:cover;-o-background-size:cover;background-size:cover;padding: 0px 0px 0px 0px;\"><span class=\" fusion-imageframe imageframe-none imageframe-11 hover-type-none\"><img decoding=\"async\" width=\"600\" image_height=\"600\" image_id=\"745\" title=\"Christine\" src=\"http:\/\/www.epe-saonevallee.org\/wp-content\/uploads\/2025\/03\/Christine.jpg\" class=\"img-responsive wp-image-745\" srcset=\"https:\/\/www.epe-saonevallee.org\/wp-content\/uploads\/2025\/03\/Christine-200x200.jpg 200w, https:\/\/www.epe-saonevallee.org\/wp-content\/uploads\/2025\/03\/Christine-400x400.jpg 400w, https:\/\/www.epe-saonevallee.org\/wp-content\/uploads\/2025\/03\/Christine.jpg 600w\" sizes=\"(max-width: 800px) 100vw, 400px\" \/><\/span><div class=\"fusion-text fusion-text-12\"><p style=\"text-align: center;\">Christine<\/p>\n<p style=\"text-align: center;\">Planning et contextualisation<\/p>\n<\/div><div class=\"fusion-clearfix\"><\/div><\/div><\/div><div class=\"fusion-layout-column fusion_builder_column fusion-builder-column-12 fusion_builder_column_1_3 1_3 fusion-one-third fusion-column-last\" style=\"width:30.6666%;margin-top:0px;margin-bottom:20px;\"><div class=\"fusion-column-wrapper fusion-flex-column-wrapper-legacy\" style=\"background-position:left top;background-repeat:no-repeat;-webkit-background-size:cover;-moz-background-size:cover;-o-background-size:cover;background-size:cover;padding: 0px 0px 0px 0px;\"><span class=\" fusion-imageframe imageframe-none imageframe-12 hover-type-none\"><img decoding=\"async\" width=\"800\" image_height=\"800\" image_id=\"568\" title=\"00_Jeremie_2021\" src=\"http:\/\/www.epe-saonevallee.org\/wp-content\/uploads\/2021\/12\/00_Jeremie_2021.png\" class=\"img-responsive wp-image-568\" srcset=\"https:\/\/www.epe-saonevallee.org\/wp-content\/uploads\/2021\/12\/00_Jeremie_2021-200x200.png 200w, https:\/\/www.epe-saonevallee.org\/wp-content\/uploads\/2021\/12\/00_Jeremie_2021-400x400.png 400w, https:\/\/www.epe-saonevallee.org\/wp-content\/uploads\/2021\/12\/00_Jeremie_2021-600x600.png 600w, https:\/\/www.epe-saonevallee.org\/wp-content\/uploads\/2021\/12\/00_Jeremie_2021.png 800w\" sizes=\"(max-width: 800px) 100vw, 400px\" \/><\/span><div class=\"fusion-text fusion-text-13\"><p style=\"text-align: center;\">J\u00e9r\u00e9mie<\/p>\n<p style=\"text-align: center;\">Pasteur &amp; communication<\/p>\n<\/div><div class=\"fusion-clearfix\"><\/div><\/div><\/div><\/div><style type=\"text\/css\">.fusion-fullwidth.fusion-builder-row-1 { overflow:visible; }<\/style><\/div>\n","protected":false},"excerpt":{"rendered":"","protected":false},"author":1,"featured_media":0,"parent":11,"menu_order":0,"comment_status":"closed","ping_status":"open","template":"","meta":{"footnotes":""},"_links":{"self":[{"href":"https:\/\/www.epe-saonevallee.org\/index.php?rest_route=\/wp\/v2\/pages\/162"}],"collection":[{"href":"https:\/\/www.epe-saonevallee.org\/index.php?rest_route=\/wp\/v2\/pages"}],"about":[{"href":"https:\/\/www.epe-saonevallee.org\/index.php?rest_route=\/wp\/v2\/types\/page"}],"author":[{"embeddable":true,"href":"https:\/\/www.epe-saonevallee.org\/index.php?rest_route=\/wp\/v2\/users\/1"}],"replies":[{"embeddable":true,"href":"https:\/\/www.epe-saonevallee.org\/index.php?rest_route=%2Fwp%2Fv2%2Fcomments&post=162"}],"version-history":[{"count":34,"href":"https:\/\/www.epe-saonevallee.org\/index.php?rest_route=\/wp\/v2\/pages\/162\/revisions"}],"predecessor-version":[{"id":748,"href":"https:\/\/www.epe-saonevallee.org\/index.php?rest_route=\/wp\/v2\/pages\/162\/revisions\/748"}],"up":[{"embeddable":true,"href":"https:\/\/www.epe-saonevallee.org\/index.php?rest_route=\/wp\/v2\/pages\/11"}],"wp:attachment":[{"href":"https:\/\/www.epe-saonevallee.org\/index.php?rest_route=%2Fwp%2Fv2%2Fmedia&parent=162"}],"curies":[{"name":"wp","href":"https:\/\/api.w.org\/{rel}","templated":true}]}}