{"id":596,"date":"2022-07-01T10:45:38","date_gmt":"2022-07-01T10:45:38","guid":{"rendered":"http:\/\/www.epe-saonevallee.org\/?page_id=596"},"modified":"2024-06-29T13:25:52","modified_gmt":"2024-06-29T13:25:52","slug":"formations","status":"publish","type":"page","link":"https:\/\/www.epe-saonevallee.org\/?page_id=596","title":{"rendered":"Avancer"},"content":{"rendered":"<div class=\"fusion-fullwidth fullwidth-box fusion-builder-row-1 fusion-flex-container nonhundred-percent-fullwidth non-hundred-percent-height-scrolling\" style=\"background-color: #ffffff;background-position: center center;background-repeat: no-repeat;border-width: 0px 0px 0px 0px;border-color:#eae9e9;border-style:solid;\" ><div class=\"fusion-builder-row fusion-row fusion-flex-align-items-flex-start\" style=\"max-width:936px;margin-left: calc(-4% \/ 2 );margin-right: calc(-4% \/ 2 );\"><div class=\"fusion-layout-column fusion_builder_column fusion-builder-column-0 fusion_builder_column_1_1 1_1 fusion-flex-column\"><div class=\"fusion-column-wrapper fusion-flex-justify-content-flex-start fusion-content-layout-column\" style=\"background-position:left top;background-repeat:no-repeat;-webkit-background-size:cover;-moz-background-size:cover;-o-background-size:cover;background-size:cover;padding: 0px 0px 0px 0px;\"><div class=\"fusion-text fusion-text-1\"><h2>Nous souhaitons que notre Eglise soit un lieu convivial o\u00f9 chaque personne puisse marcher avec Dieu \u00e0 son rythme. Vous trouverez ci-dessous les formations offertes \u00e0 Tr\u00e9voux.<\/h2>\n<p>Certaines sont propos\u00e9es chaque ann\u00e9e scolaire, d&rsquo;autres sur demande. N&rsquo;h\u00e9sitez pas \u00e0 nous contacter pour plus d&rsquo;information \u00e0 info@epe-saonevallee.org ou au 07.52.67.84.49.<\/p>\n<p>Les formations sont gratuites.<\/p>\n<\/div><div class=\"fusion-builder-row fusion-builder-row-inner fusion-row fusion-flex-align-items-flex-start\" style=\"width:104% !important;max-width:104% !important;margin-left: calc(-4% \/ 2 );margin-right: calc(-4% \/ 2 );\"><div class=\"fusion-layout-column fusion_builder_column_inner fusion-builder-nested-column-0 fusion_builder_column_inner_1_3 1_3 fusion-flex-column\"><div class=\"fusion-column-wrapper fusion-flex-justify-content-center fusion-content-layout-column\" style=\"background-position:left top;background-repeat:no-repeat;-webkit-background-size:cover;-moz-background-size:cover;-o-background-size:cover;background-size:cover;padding: 0px 0px 0px 0px;\"><div style=\"text-align:center;\"><span class=\" fusion-imageframe imageframe-none imageframe-1 hover-type-none\"><img decoding=\"async\" width=\"1420\" image_height=\"1420\" image_id=\"625\" title=\"tuileFormation_priere\" src=\"http:\/\/www.epe-saonevallee.org\/wp-content\/uploads\/2022\/08\/tuileFormation_priere.jpg\" class=\"img-responsive wp-image-625\" srcset=\"https:\/\/www.epe-saonevallee.org\/wp-content\/uploads\/2022\/08\/tuileFormation_priere-200x200.jpg 200w, https:\/\/www.epe-saonevallee.org\/wp-content\/uploads\/2022\/08\/tuileFormation_priere-400x400.jpg 400w, https:\/\/www.epe-saonevallee.org\/wp-content\/uploads\/2022\/08\/tuileFormation_priere-600x600.jpg 600w, https:\/\/www.epe-saonevallee.org\/wp-content\/uploads\/2022\/08\/tuileFormation_priere-800x800.jpg 800w, https:\/\/www.epe-saonevallee.org\/wp-content\/uploads\/2022\/08\/tuileFormation_priere-1200x1200.jpg 1200w, https:\/\/www.epe-saonevallee.org\/wp-content\/uploads\/2022\/08\/tuileFormation_priere.jpg 1420w\" sizes=\"(max-width: 1024px) 100vw, (max-width: 640px) 100vw, 400px\" \/><\/span><\/div><\/div><\/div><style type=\"text\/css\">.fusion-body .fusion-builder-nested-column-0{width:33.333333333333% !important;margin-top : 0px;margin-bottom : 20px;}.fusion-builder-nested-column-0 > .fusion-column-wrapper {padding-top : 0px !important;padding-right : 0px !important;margin-right : 5.76%;padding-bottom : 0px !important;padding-left : 0px !important;margin-left : 5.76%;}@media only screen and (max-width:1024px) {.fusion-body .fusion-builder-nested-column-0{width:100% !important;order : 0;}.fusion-builder-nested-column-0 > .fusion-column-wrapper {margin-right : 1.92%;margin-left : 1.92%;}}@media only screen and (max-width:640px) {.fusion-body .fusion-builder-nested-column-0{width:100% !important;order : 0;}.fusion-builder-nested-column-0 > .fusion-column-wrapper {margin-right : 1.92%;margin-left : 1.92%;}}<\/style><div class=\"fusion-layout-column fusion_builder_column_inner fusion-builder-nested-column-1 fusion_builder_column_inner_2_3 2_3 fusion-flex-column\"><div class=\"fusion-column-wrapper fusion-flex-justify-content-flex-start fusion-content-layout-column\" style=\"background-position:left top;background-repeat:no-repeat;-webkit-background-size:cover;-moz-background-size:cover;-o-background-size:cover;background-size:cover;padding: 0px 0px 0px 0px;\"><div class=\"fusion-text fusion-text-2\"><h2>Prier Dieu semble tellement simple, et pourtant : comment prier? que dire \u00e0 Dieu?<\/h2>\n<p>Cette formation en 5 vid\u00e9os \u00e0 faire en autonomie propose quelques id\u00e9es pour prier en d\u00e9pendant de Dieu. Rendez vous sur <a href=\"https:\/\/www.youtube.com\/playlist?list=PL2tcYD-JkkATbc_YIEZlvVYWHlAek0TQu\">YouTube en suivant ce lien<\/a>. N&rsquo;h\u00e9sitez pas \u00e0 en discuter dans votre groupe de croissance ou avec un responsable.<\/p>\n<\/div><\/div><\/div><style type=\"text\/css\">.fusion-body .fusion-builder-nested-column-1{width:66.666666666667% !important;margin-top : 0px;margin-bottom : 20px;}.fusion-builder-nested-column-1 > .fusion-column-wrapper {padding-top : 0px !important;padding-right : 0px !important;margin-right : 2.88%;padding-bottom : 0px !important;padding-left : 0px !important;margin-left : 2.88%;}@media only screen and (max-width:1024px) {.fusion-body .fusion-builder-nested-column-1{width:100% !important;order : 0;}.fusion-builder-nested-column-1 > .fusion-column-wrapper {margin-right : 1.92%;margin-left : 1.92%;}}@media only screen and (max-width:640px) {.fusion-body .fusion-builder-nested-column-1{width:100% !important;order : 0;}.fusion-builder-nested-column-1 > .fusion-column-wrapper {margin-right : 1.92%;margin-left : 1.92%;}}<\/style><\/div><div class=\"fusion-builder-row fusion-builder-row-inner fusion-row fusion-flex-align-items-flex-start\" style=\"width:104% !important;max-width:104% !important;margin-left: calc(-4% \/ 2 );margin-right: calc(-4% \/ 2 );\"><div class=\"fusion-layout-column fusion_builder_column_inner fusion-builder-nested-column-2 fusion_builder_column_inner_1_3 1_3 fusion-flex-column\"><div class=\"fusion-column-wrapper fusion-flex-justify-content-flex-start fusion-content-layout-column\" style=\"background-position:left top;background-repeat:no-repeat;-webkit-background-size:cover;-moz-background-size:cover;-o-background-size:cover;background-size:cover;padding: 0px 0px 0px 0px;\"><div ><span class=\" fusion-imageframe imageframe-none imageframe-2 hover-type-none\"><img decoding=\"async\" width=\"1420\" image_height=\"1420\" image_id=\"597\" title=\"tuileFormation_EvJean\" src=\"http:\/\/www.epe-saonevallee.org\/wp-content\/uploads\/2022\/07\/tuileFormation_EvJean.jpg\" class=\"img-responsive wp-image-597\" srcset=\"https:\/\/www.epe-saonevallee.org\/wp-content\/uploads\/2022\/07\/tuileFormation_EvJean-200x200.jpg 200w, https:\/\/www.epe-saonevallee.org\/wp-content\/uploads\/2022\/07\/tuileFormation_EvJean-400x400.jpg 400w, https:\/\/www.epe-saonevallee.org\/wp-content\/uploads\/2022\/07\/tuileFormation_EvJean-600x600.jpg 600w, https:\/\/www.epe-saonevallee.org\/wp-content\/uploads\/2022\/07\/tuileFormation_EvJean-800x800.jpg 800w, https:\/\/www.epe-saonevallee.org\/wp-content\/uploads\/2022\/07\/tuileFormation_EvJean-1200x1200.jpg 1200w, https:\/\/www.epe-saonevallee.org\/wp-content\/uploads\/2022\/07\/tuileFormation_EvJean.jpg 1420w\" sizes=\"(max-width: 1024px) 100vw, (max-width: 640px) 100vw, 400px\" \/><\/span><\/div><\/div><\/div><style type=\"text\/css\">.fusion-body .fusion-builder-nested-column-2{width:33.333333333333% !important;margin-top : 0px;margin-bottom : 20px;}.fusion-builder-nested-column-2 > .fusion-column-wrapper {padding-top : 0px !important;padding-right : 0px !important;margin-right : 5.76%;padding-bottom : 0px !important;padding-left : 0px !important;margin-left : 5.76%;}@media only screen and (max-width:1024px) {.fusion-body .fusion-builder-nested-column-2{width:100% !important;order : 0;}.fusion-builder-nested-column-2 > .fusion-column-wrapper {margin-right : 1.92%;margin-left : 1.92%;}}@media only screen and (max-width:640px) {.fusion-body .fusion-builder-nested-column-2{width:100% !important;order : 0;}.fusion-builder-nested-column-2 > .fusion-column-wrapper {margin-right : 1.92%;margin-left : 1.92%;}}<\/style><div class=\"fusion-layout-column fusion_builder_column_inner fusion-builder-nested-column-3 fusion_builder_column_inner_2_3 2_3 fusion-flex-column\"><div class=\"fusion-column-wrapper fusion-flex-justify-content-flex-start fusion-content-layout-column\" style=\"background-position:left top;background-repeat:no-repeat;-webkit-background-size:cover;-moz-background-size:cover;-o-background-size:cover;background-size:cover;padding: 0px 0px 0px 0px;\"><div class=\"fusion-text fusion-text-3\"><h2>D\u00e9couvrez J\u00e9sus dans l&rsquo;Evangile de Jean<\/h2>\n<p>Le c\u0153ur du christianisme est de connaitre J\u00e9sus et de croire en lui. L&rsquo;Evangile de Jean nous pr\u00e9sente J\u00e9sus et nous explique quelle \u00ab\u00a0foi\u00a0\u00bb il propose.<\/p>\n<p>A travers ses rencontres, ses enseignement et ses miracles, J\u00e9sus ne laisse personne indiff\u00e9rent.<\/p>\n<p>Cette formation comporte 24 rencontres. A chaque fois, vous devrez lire un passage de l&rsquo;Evangile, r\u00e9pondre \u00e0 des questions pour ensuite en discuter avec votre accompagnateur. Pour prendre en compte les disponibilit\u00e9s de chacun, il est possible d&rsquo;organiser les rencontres \u00e0 distance.<\/p>\n<\/div><\/div><\/div><style type=\"text\/css\">.fusion-body .fusion-builder-nested-column-3{width:66.666666666667% !important;margin-top : 0px;margin-bottom : 20px;}.fusion-builder-nested-column-3 > .fusion-column-wrapper {padding-top : 0px !important;padding-right : 0px !important;margin-right : 2.88%;padding-bottom : 0px !important;padding-left : 0px !important;margin-left : 2.88%;}@media only screen and (max-width:1024px) {.fusion-body .fusion-builder-nested-column-3{width:100% !important;order : 0;}.fusion-builder-nested-column-3 > .fusion-column-wrapper {margin-right : 1.92%;margin-left : 1.92%;}}@media only screen and (max-width:640px) {.fusion-body .fusion-builder-nested-column-3{width:100% !important;order : 0;}.fusion-builder-nested-column-3 > .fusion-column-wrapper {margin-right : 1.92%;margin-left : 1.92%;}}<\/style><\/div><div class=\"fusion-builder-row fusion-builder-row-inner fusion-row fusion-flex-align-items-flex-start\" style=\"width:104% !important;max-width:104% !important;margin-left: calc(-4% \/ 2 );margin-right: calc(-4% \/ 2 );\"><div class=\"fusion-layout-column fusion_builder_column_inner fusion-builder-nested-column-4 fusion_builder_column_inner_1_3 1_3 fusion-flex-column\"><div class=\"fusion-column-wrapper fusion-flex-justify-content-flex-start fusion-content-layout-column\" style=\"background-position:left top;background-repeat:no-repeat;-webkit-background-size:cover;-moz-background-size:cover;-o-background-size:cover;background-size:cover;padding: 0px 0px 0px 0px;\"><div ><span class=\" fusion-imageframe imageframe-none imageframe-3 hover-type-none\"><img decoding=\"async\" width=\"1420\" image_height=\"1420\" image_id=\"601\" title=\"tuileFormation_PecheEtRedemption\" src=\"http:\/\/www.epe-saonevallee.org\/wp-content\/uploads\/2022\/07\/tuileFormation_PecheEtRedemption.jpg\" class=\"img-responsive wp-image-601\" srcset=\"https:\/\/www.epe-saonevallee.org\/wp-content\/uploads\/2022\/07\/tuileFormation_PecheEtRedemption-200x200.jpg 200w, https:\/\/www.epe-saonevallee.org\/wp-content\/uploads\/2022\/07\/tuileFormation_PecheEtRedemption-400x400.jpg 400w, https:\/\/www.epe-saonevallee.org\/wp-content\/uploads\/2022\/07\/tuileFormation_PecheEtRedemption-600x600.jpg 600w, https:\/\/www.epe-saonevallee.org\/wp-content\/uploads\/2022\/07\/tuileFormation_PecheEtRedemption-800x800.jpg 800w, https:\/\/www.epe-saonevallee.org\/wp-content\/uploads\/2022\/07\/tuileFormation_PecheEtRedemption-1200x1200.jpg 1200w, https:\/\/www.epe-saonevallee.org\/wp-content\/uploads\/2022\/07\/tuileFormation_PecheEtRedemption.jpg 1420w\" sizes=\"(max-width: 1024px) 100vw, (max-width: 640px) 100vw, 400px\" \/><\/span><\/div><\/div><\/div><style type=\"text\/css\">.fusion-body .fusion-builder-nested-column-4{width:33.333333333333% !important;margin-top : 0px;margin-bottom : 20px;}.fusion-builder-nested-column-4 > .fusion-column-wrapper {padding-top : 0px !important;padding-right : 0px !important;margin-right : 5.76%;padding-bottom : 0px !important;padding-left : 0px !important;margin-left : 5.76%;}@media only screen and (max-width:1024px) {.fusion-body .fusion-builder-nested-column-4{width:100% !important;order : 0;}.fusion-builder-nested-column-4 > .fusion-column-wrapper {margin-right : 1.92%;margin-left : 1.92%;}}@media only screen and (max-width:640px) {.fusion-body .fusion-builder-nested-column-4{width:100% !important;order : 0;}.fusion-builder-nested-column-4 > .fusion-column-wrapper {margin-right : 1.92%;margin-left : 1.92%;}}<\/style><div class=\"fusion-layout-column fusion_builder_column_inner fusion-builder-nested-column-5 fusion_builder_column_inner_2_3 2_3 fusion-flex-column\"><div class=\"fusion-column-wrapper fusion-flex-justify-content-flex-start fusion-content-layout-column\" style=\"background-position:left top;background-repeat:no-repeat;-webkit-background-size:cover;-moz-background-size:cover;-o-background-size:cover;background-size:cover;padding: 0px 0px 0px 0px;\"><div class=\"fusion-text fusion-text-4\"><h2>J\u00e9sus nous invite \u00e0 \u00eatre \u00ab\u00a0sauv\u00e9\u00a0\u00bb&#8230;Sauv\u00e9 de quoi? Sauv\u00e9 pour quoi?<\/h2>\n<p>Cette formation de th\u00e9ologie syst\u00e9matique se concentre sur l&rsquo;id\u00e9e principale du message de J\u00e9sus : les hommes et les femmes, imparfaits, ont besoin d&rsquo;\u00eatre sauv\u00e9s. Ce th\u00e8me se retrouve dans toute la Bible. Trois grandes parties structurent ce cours : la d\u00e9finition du p\u00e9ch\u00e9, ce que J\u00e9sus a fait \u00e0 la croix, la mani\u00e8re dont nous en sommes b\u00e9n\u00e9ficiaires.<\/p>\n<p>Ce cours se compose de 5 le\u00e7ons. A chaque fois, vous devrez lire le cours et r\u00e9pondre \u00e0 des questions avant de rencontrer, soit en ligne, soit en pr\u00e9sentiel, votre formateur pour \u00e9changer sur votre travail.<\/p>\n<\/div><\/div><\/div><style type=\"text\/css\">.fusion-body .fusion-builder-nested-column-5{width:66.666666666667% !important;margin-top : 0px;margin-bottom : 20px;}.fusion-builder-nested-column-5 > .fusion-column-wrapper {padding-top : 0px !important;padding-right : 0px !important;margin-right : 2.88%;padding-bottom : 0px !important;padding-left : 0px !important;margin-left : 2.88%;}@media only screen and (max-width:1024px) {.fusion-body .fusion-builder-nested-column-5{width:100% !important;order : 0;}.fusion-builder-nested-column-5 > .fusion-column-wrapper {margin-right : 1.92%;margin-left : 1.92%;}}@media only screen and (max-width:640px) {.fusion-body .fusion-builder-nested-column-5{width:100% !important;order : 0;}.fusion-builder-nested-column-5 > .fusion-column-wrapper {margin-right : 1.92%;margin-left : 1.92%;}}<\/style><\/div><div class=\"fusion-builder-row fusion-builder-row-inner fusion-row fusion-flex-align-items-flex-start\" style=\"width:104% !important;max-width:104% !important;margin-left: calc(-4% \/ 2 );margin-right: calc(-4% \/ 2 );\"><div class=\"fusion-layout-column fusion_builder_column_inner fusion-builder-nested-column-6 fusion_builder_column_inner_1_3 1_3 fusion-flex-column\"><div class=\"fusion-column-wrapper fusion-flex-justify-content-flex-start fusion-content-layout-column\" style=\"background-position:left top;background-repeat:no-repeat;-webkit-background-size:cover;-moz-background-size:cover;-o-background-size:cover;background-size:cover;padding: 0px 0px 0px 0px;\"><div ><span class=\" fusion-imageframe imageframe-none imageframe-4 hover-type-none\"><img decoding=\"async\" width=\"1420\" image_height=\"1420\" image_id=\"598\" title=\"tuileFormation_InterpretationBible\" src=\"http:\/\/www.epe-saonevallee.org\/wp-content\/uploads\/2022\/07\/tuileFormation_InterpretationBible.jpg\" class=\"img-responsive wp-image-598\" srcset=\"https:\/\/www.epe-saonevallee.org\/wp-content\/uploads\/2022\/07\/tuileFormation_InterpretationBible-200x200.jpg 200w, https:\/\/www.epe-saonevallee.org\/wp-content\/uploads\/2022\/07\/tuileFormation_InterpretationBible-400x400.jpg 400w, https:\/\/www.epe-saonevallee.org\/wp-content\/uploads\/2022\/07\/tuileFormation_InterpretationBible-600x600.jpg 600w, https:\/\/www.epe-saonevallee.org\/wp-content\/uploads\/2022\/07\/tuileFormation_InterpretationBible-800x800.jpg 800w, https:\/\/www.epe-saonevallee.org\/wp-content\/uploads\/2022\/07\/tuileFormation_InterpretationBible-1200x1200.jpg 1200w, https:\/\/www.epe-saonevallee.org\/wp-content\/uploads\/2022\/07\/tuileFormation_InterpretationBible.jpg 1420w\" sizes=\"(max-width: 1024px) 100vw, (max-width: 640px) 100vw, 400px\" \/><\/span><\/div><\/div><\/div><style type=\"text\/css\">.fusion-body .fusion-builder-nested-column-6{width:33.333333333333% !important;margin-top : 0px;margin-bottom : 20px;}.fusion-builder-nested-column-6 > .fusion-column-wrapper {padding-top : 0px !important;padding-right : 0px !important;margin-right : 5.76%;padding-bottom : 0px !important;padding-left : 0px !important;margin-left : 5.76%;}@media only screen and (max-width:1024px) {.fusion-body .fusion-builder-nested-column-6{width:100% !important;order : 0;}.fusion-builder-nested-column-6 > .fusion-column-wrapper {margin-right : 1.92%;margin-left : 1.92%;}}@media only screen and (max-width:640px) {.fusion-body .fusion-builder-nested-column-6{width:100% !important;order : 0;}.fusion-builder-nested-column-6 > .fusion-column-wrapper {margin-right : 1.92%;margin-left : 1.92%;}}<\/style><div class=\"fusion-layout-column fusion_builder_column_inner fusion-builder-nested-column-7 fusion_builder_column_inner_2_3 2_3 fusion-flex-column\"><div class=\"fusion-column-wrapper fusion-flex-justify-content-flex-start fusion-content-layout-column\" style=\"background-position:left top;background-repeat:no-repeat;-webkit-background-size:cover;-moz-background-size:cover;-o-background-size:cover;background-size:cover;padding: 0px 0px 0px 0px;\"><div class=\"fusion-text fusion-text-5\"><h2>Comment interpr\u00e9ter la Bible? Peut-on tout lui faire dire?<\/h2>\n<p>La Bible est une biblioth\u00e8que de 66 livres r\u00e9dig\u00e9s dans des \u00e9poques et cultures diff\u00e9rentes. Ce cours vise \u00e0 s&rsquo;approprier des outils pour comprendre ce que les auteurs bibliques ont voulu transmettre \u00e0 leurs interlocuteurs, pour interpr\u00e9ter leur message pour nous aujourd&rsquo;hui et enfin pour l&rsquo;appliquer concr\u00e8tement \u00e0 nos vies.<\/p>\n<p>Nous nous basons sur le cours du blog <a href=\"https:\/\/toutpoursagloire.com\/\">toutpoursagloire.com<\/a>.<\/p>\n<p>Ce cours se compose de 10 rencontres. A chaque fois vous devrez visionner plusieurs vid\u00e9os, r\u00e9pondre aux questions propos\u00e9es puis en discuter avec votre formateur.<\/p>\n<\/div><\/div><\/div><style type=\"text\/css\">.fusion-body .fusion-builder-nested-column-7{width:66.666666666667% !important;margin-top : 0px;margin-bottom : 20px;}.fusion-builder-nested-column-7 > .fusion-column-wrapper {padding-top : 0px !important;padding-right : 0px !important;margin-right : 2.88%;padding-bottom : 0px !important;padding-left : 0px !important;margin-left : 2.88%;}@media only screen and (max-width:1024px) {.fusion-body .fusion-builder-nested-column-7{width:100% !important;order : 0;}.fusion-builder-nested-column-7 > .fusion-column-wrapper {margin-right : 1.92%;margin-left : 1.92%;}}@media only screen and (max-width:640px) {.fusion-body .fusion-builder-nested-column-7{width:100% !important;order : 0;}.fusion-builder-nested-column-7 > .fusion-column-wrapper {margin-right : 1.92%;margin-left : 1.92%;}}<\/style><\/div><div class=\"fusion-builder-row fusion-builder-row-inner fusion-row fusion-flex-align-items-flex-start\" style=\"width:104% !important;max-width:104% !important;margin-left: calc(-4% \/ 2 );margin-right: calc(-4% \/ 2 );\"><div class=\"fusion-layout-column fusion_builder_column_inner fusion-builder-nested-column-8 fusion_builder_column_inner_1_3 1_3 fusion-flex-column\"><div class=\"fusion-column-wrapper fusion-flex-justify-content-flex-start fusion-content-layout-column\" style=\"background-position:left top;background-repeat:no-repeat;-webkit-background-size:cover;-moz-background-size:cover;-o-background-size:cover;background-size:cover;padding: 0px 0px 0px 0px;\"><div ><span class=\" fusion-imageframe imageframe-none imageframe-5 hover-type-none\"><img decoding=\"async\" width=\"1420\" image_height=\"1420\" image_id=\"599\" title=\"tuileFormation_LaGrandeHistoireAccompagnant\" src=\"http:\/\/www.epe-saonevallee.org\/wp-content\/uploads\/2022\/07\/tuileFormation_LaGrandeHistoireAccompagnant.jpg\" class=\"img-responsive wp-image-599\" srcset=\"https:\/\/www.epe-saonevallee.org\/wp-content\/uploads\/2022\/07\/tuileFormation_LaGrandeHistoireAccompagnant-200x200.jpg 200w, https:\/\/www.epe-saonevallee.org\/wp-content\/uploads\/2022\/07\/tuileFormation_LaGrandeHistoireAccompagnant-400x400.jpg 400w, https:\/\/www.epe-saonevallee.org\/wp-content\/uploads\/2022\/07\/tuileFormation_LaGrandeHistoireAccompagnant-600x600.jpg 600w, https:\/\/www.epe-saonevallee.org\/wp-content\/uploads\/2022\/07\/tuileFormation_LaGrandeHistoireAccompagnant-800x800.jpg 800w, https:\/\/www.epe-saonevallee.org\/wp-content\/uploads\/2022\/07\/tuileFormation_LaGrandeHistoireAccompagnant-1200x1200.jpg 1200w, https:\/\/www.epe-saonevallee.org\/wp-content\/uploads\/2022\/07\/tuileFormation_LaGrandeHistoireAccompagnant.jpg 1420w\" sizes=\"(max-width: 1024px) 100vw, (max-width: 640px) 100vw, 400px\" \/><\/span><\/div><\/div><\/div><style type=\"text\/css\">.fusion-body .fusion-builder-nested-column-8{width:33.333333333333% !important;margin-top : 0px;margin-bottom : 20px;}.fusion-builder-nested-column-8 > .fusion-column-wrapper {padding-top : 0px !important;padding-right : 0px !important;margin-right : 5.76%;padding-bottom : 0px !important;padding-left : 0px !important;margin-left : 5.76%;}@media only screen and (max-width:1024px) {.fusion-body .fusion-builder-nested-column-8{width:100% !important;order : 0;}.fusion-builder-nested-column-8 > .fusion-column-wrapper {margin-right : 1.92%;margin-left : 1.92%;}}@media only screen and (max-width:640px) {.fusion-body .fusion-builder-nested-column-8{width:100% !important;order : 0;}.fusion-builder-nested-column-8 > .fusion-column-wrapper {margin-right : 1.92%;margin-left : 1.92%;}}<\/style><div class=\"fusion-layout-column fusion_builder_column_inner fusion-builder-nested-column-9 fusion_builder_column_inner_2_3 2_3 fusion-flex-column\"><div class=\"fusion-column-wrapper fusion-flex-justify-content-flex-start fusion-content-layout-column\" style=\"background-position:left top;background-repeat:no-repeat;-webkit-background-size:cover;-moz-background-size:cover;-o-background-size:cover;background-size:cover;padding: 0px 0px 0px 0px;\"><div class=\"fusion-text fusion-text-6\"><h2>Vos amis vous posent des questions sur votre foi? Vous ne savez pas trop comment r\u00e9pondre?<\/h2>\n<p>Dans une culture d\u00e9christianis\u00e9e, nous sommes souvent questionn\u00e9s sur le sens de notre foi. Ce n&rsquo;est pas simple de r\u00e9pondre \u00e0 des objections ou parfois critiques sans louper l&rsquo;essentiel du message de J\u00e9sus.<\/p>\n<p>Le livret \u00ab\u00a0la Grande histoire\u00a0\u00bb permet de pr\u00e9senter simplement le fil rouge de la Bible. Cette formation vise \u00e0 vous familiariser avec le livret pour pouvoir proposer \u00e0 vos amis une pr\u00e9sentation simple, accessible et personnalis\u00e9e de l&rsquo;Evangile.<\/p>\n<p>Vous regarderez <a href=\"https:\/\/www.youtube.com\/playlist?list=PLVq3Wb_mxEsZr6fmQzAo72hX6sg43L66h\">7 vid\u00e9os en ligne sur Youtube<\/a> puis vous rencontrerez le formateur pour un moment d&rsquo;\u00e9change sur vos questions et remarques.<\/p>\n<\/div><\/div><\/div><style type=\"text\/css\">.fusion-body .fusion-builder-nested-column-9{width:66.666666666667% !important;margin-top : 0px;margin-bottom : 20px;}.fusion-builder-nested-column-9 > .fusion-column-wrapper {padding-top : 0px !important;padding-right : 0px !important;margin-right : 2.88%;padding-bottom : 0px !important;padding-left : 0px !important;margin-left : 2.88%;}@media only screen and (max-width:1024px) {.fusion-body .fusion-builder-nested-column-9{width:100% !important;order : 0;}.fusion-builder-nested-column-9 > .fusion-column-wrapper {margin-right : 1.92%;margin-left : 1.92%;}}@media only screen and (max-width:640px) {.fusion-body .fusion-builder-nested-column-9{width:100% !important;order : 0;}.fusion-builder-nested-column-9 > .fusion-column-wrapper {margin-right : 1.92%;margin-left : 1.92%;}}<\/style><\/div><\/div><\/div><style type=\"text\/css\">.fusion-body .fusion-builder-column-0{width:100% !important;margin-top : 0px;margin-bottom : 20px;}.fusion-builder-column-0 > .fusion-column-wrapper {padding-top : 0px !important;padding-right : 0px !important;margin-right : 1.92%;padding-bottom : 0px !important;padding-left : 0px !important;margin-left : 1.92%;}@media only screen and (max-width:1024px) {.fusion-body .fusion-builder-column-0{width:100% !important;order : 0;}.fusion-builder-column-0 > .fusion-column-wrapper {margin-right : 1.92%;margin-left : 1.92%;}}@media only screen and (max-width:640px) {.fusion-body .fusion-builder-column-0{width:100% !important;order : 0;}.fusion-builder-column-0 > .fusion-column-wrapper {margin-right : 1.92%;margin-left : 1.92%;}}<\/style><\/div><style type=\"text\/css\">.fusion-body .fusion-flex-container.fusion-builder-row-1{ padding-top : 0px;margin-top : 0px;padding-right : 0px;padding-bottom : 0px;margin-bottom : 0px;padding-left : 0px;}<\/style><\/div>\n","protected":false},"excerpt":{"rendered":"","protected":false},"author":1,"featured_media":0,"parent":0,"menu_order":0,"comment_status":"closed","ping_status":"closed","template":"","meta":{"footnotes":""},"_links":{"self":[{"href":"https:\/\/www.epe-saonevallee.org\/index.php?rest_route=\/wp\/v2\/pages\/596"}],"collection":[{"href":"https:\/\/www.epe-saonevallee.org\/index.php?rest_route=\/wp\/v2\/pages"}],"about":[{"href":"https:\/\/www.epe-saonevallee.org\/index.php?rest_route=\/wp\/v2\/types\/page"}],"author":[{"embeddable":true,"href":"https:\/\/www.epe-saonevallee.org\/index.php?rest_route=\/wp\/v2\/users\/1"}],"replies":[{"embeddable":true,"href":"https:\/\/www.epe-saonevallee.org\/index.php?rest_route=%2Fwp%2Fv2%2Fcomments&post=596"}],"version-history":[{"count":20,"href":"https:\/\/www.epe-saonevallee.org\/index.php?rest_route=\/wp\/v2\/pages\/596\/revisions"}],"predecessor-version":[{"id":709,"href":"https:\/\/www.epe-saonevallee.org\/index.php?rest_route=\/wp\/v2\/pages\/596\/revisions\/709"}],"wp:attachment":[{"href":"https:\/\/www.epe-saonevallee.org\/index.php?rest_route=%2Fwp%2Fv2%2Fmedia&parent=596"}],"curies":[{"name":"wp","href":"https:\/\/api.w.org\/{rel}","templated":true}]}}