{"id":69,"date":"2015-09-19T20:17:59","date_gmt":"2015-09-19T20:17:59","guid":{"rendered":"http:\/\/www.dev.epe-saonevallee.org\/?page_id=69"},"modified":"2017-05-21T14:50:26","modified_gmt":"2017-05-21T14:50:26","slug":"nos-valeurs","status":"publish","type":"page","link":"https:\/\/www.epe-saonevallee.org\/?page_id=69","title":{"rendered":"Nos valeurs"},"content":{"rendered":"<h1>Nos Valeurs<\/h1>\n<p>Nous retenons 3 orientations pour notre assembl\u00e9e.<\/p>\n<h2>Orientation spirituelle<\/h2>\n<p>Nous croyons que Dieu m\u00e9rite d&rsquo;\u00eatre rencontr\u00e9 et aim\u00e9. Il transforme la vie de ceux qui le d\u00e9couvrent, lui font confiance pour vivre avec lui. Nous invitons chacun, dans le plein respect de la libert\u00e9 individuelle, \u00e0 d\u00e9couvrir ce Dieu qui s&rsquo;est pleinement r\u00e9v\u00e9l\u00e9 dans la Bible et la personne de J\u00e9sus-Christ.<\/p>\n<p>Nous voulons encourager celles et ceux qui l&rsquo;ont rencontr\u00e9 \u00e0 cro\u00eetre continuellement dans la connaissance de Dieu, d\u00e9veloppant une vie spirituelle sinc\u00e8re et une marche int\u00e8gre.<\/p>\n<h2>Orientation relationnelle<\/h2>\n<p>Nous croyons qu&rsquo;aimer Dieu r\u00e9ellement implique l&rsquo;amour du prochain. C&rsquo;est donner et transmettre notre amour \u00e0 ceux qui nous entourent ou que nous rencontrons. Nous invitons chaque chr\u00e9tien \u00e0 cultiver des relations aimantes respectueuses et ouvertes dans l&rsquo;ensemble de ses sph\u00e8res relationnelles : famille, voisinage, coll\u00e8gues, etc.<\/p>\n<p>Nous voulons encourager une attitude de service, d&rsquo;encouragement, un esprit d&rsquo;accueil et de r\u00e9conciliation.<\/p>\n<h2>Orientation intentionnelle<\/h2>\n<p>Nous croyons que la vie chr\u00e9tienne implique un engagement propre \u00e0 chacun. Nous invitons chaque chr\u00e9tien \u00e0 d\u00e9couvrir et faire fructifier les dons et talents que Dieu lui a donn\u00e9s pour les mettre \u00e0 contribution dans l&rsquo;\u00e9glise et dans la soci\u00e9t\u00e9. Nous voulons encourager un engagement missionnaire et humanitaire cons\u00e9quent.<\/p>\n","protected":false},"excerpt":{"rendered":"<p>Nos Valeurs Nous retenons 3 orientations pour notre assembl\u00e9e. Orientation spirituelle Nous croyons que Dieu m\u00e9rite d&rsquo;\u00eatre rencontr\u00e9 et aim\u00e9. Il transforme la vie de ceux qui le d\u00e9couvrent, lui font confiance pour vivre avec lui. Nous invitons chacun, dans le plein respect de la libert\u00e9 individuelle, \u00e0 d\u00e9couvrir ce Dieu qui s&rsquo;est pleinement r\u00e9v\u00e9l\u00e9 [&hellip;]<\/p>\n","protected":false},"author":1,"featured_media":0,"parent":11,"menu_order":0,"comment_status":"closed","ping_status":"open","template":"","meta":{"footnotes":""},"_links":{"self":[{"href":"https:\/\/www.epe-saonevallee.org\/index.php?rest_route=\/wp\/v2\/pages\/69"}],"collection":[{"href":"https:\/\/www.epe-saonevallee.org\/index.php?rest_route=\/wp\/v2\/pages"}],"about":[{"href":"https:\/\/www.epe-saonevallee.org\/index.php?rest_route=\/wp\/v2\/types\/page"}],"author":[{"embeddable":true,"href":"https:\/\/www.epe-saonevallee.org\/index.php?rest_route=\/wp\/v2\/users\/1"}],"replies":[{"embeddable":true,"href":"https:\/\/www.epe-saonevallee.org\/index.php?rest_route=%2Fwp%2Fv2%2Fcomments&post=69"}],"version-history":[{"count":1,"href":"https:\/\/www.epe-saonevallee.org\/index.php?rest_route=\/wp\/v2\/pages\/69\/revisions"}],"predecessor-version":[{"id":70,"href":"https:\/\/www.epe-saonevallee.org\/index.php?rest_route=\/wp\/v2\/pages\/69\/revisions\/70"}],"up":[{"embeddable":true,"href":"https:\/\/www.epe-saonevallee.org\/index.php?rest_route=\/wp\/v2\/pages\/11"}],"wp:attachment":[{"href":"https:\/\/www.epe-saonevallee.org\/index.php?rest_route=%2Fwp%2Fv2%2Fmedia&parent=69"}],"curies":[{"name":"wp","href":"https:\/\/api.w.org\/{rel}","templated":true}]}}