{"id":697,"date":"2024-06-29T13:02:34","date_gmt":"2024-06-29T13:02:34","guid":{"rendered":"https:\/\/www.epe-saonevallee.org\/?page_id=697"},"modified":"2024-06-29T13:15:45","modified_gmt":"2024-06-29T13:15:45","slug":"rencontrer-jesus","status":"publish","type":"page","link":"https:\/\/www.epe-saonevallee.org\/?page_id=697","title":{"rendered":"Rencontrer J\u00e9sus"},"content":{"rendered":"<div class=\"fusion-fullwidth fullwidth-box fusion-builder-row-1 nonhundred-percent-fullwidth non-hundred-percent-height-scrolling\" style=\"background-color: #ffffff;background-position: center center;background-repeat: no-repeat;padding-top:0px;padding-right:0px;padding-bottom:0px;padding-left:0px;margin-bottom: 0px;margin-top: 0px;border-width: 0px 0px 0px 0px;border-color:#eae9e9;border-style:solid;\" ><div class=\"fusion-builder-row fusion-row\"><div class=\"fusion-layout-column fusion_builder_column fusion-builder-column-0 fusion_builder_column_1_1 1_1 fusion-one-full fusion-column-first fusion-column-last\" style=\"margin-top:0px;margin-bottom:0px;\"><div class=\"fusion-column-wrapper fusion-flex-column-wrapper-legacy\" style=\"background-position:left top;background-repeat:no-repeat;-webkit-background-size:cover;-moz-background-size:cover;-o-background-size:cover;background-size:cover;padding: 0px 0px 0px 0px;\"><div class=\"fusion-text fusion-text-1\"><p>Revenons \u00e0 l&rsquo;essentiel : nous vous proposons un parcours en 6 rencontres pour lire et discuter sur 12 textes cl\u00e9s de la Bible qui pointent vers J\u00e9sus.<\/p>\n<p>Qui est-il? Quelle est sa mission? Que nous offre t-il?<\/p>\n<p>Dans le respect des croyances de chacun, nous partons \u00e0 la d\u00e9couverte du message de la Bible pour que vous puissiez vous faire votre opinion.<\/p>\n<\/div><div class=\"imageframe-align-center\"><span class=\" fusion-imageframe imageframe-none imageframe-1 hover-type-none\" style=\"width:100%;max-width:300px;margin-top:5px;margin-right:5px;margin-bottom:15px;margin-left:5px;\"><img decoding=\"async\" width=\"500\" image_height=\"700\" image_id=\"699\" title=\"I-Grande-5537-l-evangile-net-la-grande-histoire.net_500x700\" src=\"http:\/\/www.epe-saonevallee.org\/wp-content\/uploads\/2024\/06\/I-Grande-5537-l-evangile-net-la-grande-histoire.net_500x700.webp\" class=\"img-responsive wp-image-699\" srcset=\"https:\/\/www.epe-saonevallee.org\/wp-content\/uploads\/2024\/06\/I-Grande-5537-l-evangile-net-la-grande-histoire.net_500x700-200x280.webp 200w, https:\/\/www.epe-saonevallee.org\/wp-content\/uploads\/2024\/06\/I-Grande-5537-l-evangile-net-la-grande-histoire.net_500x700-214x300.webp 214w, https:\/\/www.epe-saonevallee.org\/wp-content\/uploads\/2024\/06\/I-Grande-5537-l-evangile-net-la-grande-histoire.net_500x700-400x560.webp 400w, https:\/\/www.epe-saonevallee.org\/wp-content\/uploads\/2024\/06\/I-Grande-5537-l-evangile-net-la-grande-histoire.net_500x700.webp 500w\" sizes=\"(max-width: 800px) 100vw, 500px\" \/><\/span><\/div><div class=\"fusion-aligncenter\"><style type=\"text\/css\">.fusion-button.button-1 .fusion-button-text, .fusion-button.button-1 i {color:#bde8d4;}.fusion-button.button-1 .fusion-button-icon-divider{border-color:#bde8d4;}.fusion-button.button-1:hover .fusion-button-text, .fusion-button.button-1:hover i,.fusion-button.button-1:focus .fusion-button-text, .fusion-button.button-1:focus i,.fusion-button.button-1:active .fusion-button-text, .fusion-button.button-1:active{color:#105378;}.fusion-button.button-1:hover .fusion-button-icon-divider, .fusion-button.button-1:hover .fusion-button-icon-divider, .fusion-button.button-1:active .fusion-button-icon-divider{border-color:#105378;}.fusion-button.button-1:hover, .fusion-button.button-1:focus, .fusion-button.button-1:active{border-color:#105378;border-width:0px;}.fusion-button.button-1 {border-color:#105378;border-width:0px;border-radius:2px;}.fusion-button.button-1{background: #5f878a;}.fusion-button.button-1:hover,.button-1:focus,.fusion-button.button-1:active{background: #5f878a;\n\t\t\t\t\t\t\tbackground-image: -webkit-gradient( linear, left bottom, left top, from( #6fa8a3 ), to( #5f878a ) );\n\t\t\t\t\t\t\tbackground-image: -webkit-linear-gradient( bottom, #6fa8a3, #5f878a );\n\t\t\t\t\t\t\tbackground-image:   -moz-linear-gradient( bottom, #6fa8a3, #5f878a );\n\t\t\t\t\t\t\tbackground-image:     -o-linear-gradient( bottom, #6fa8a3, #5f878a );\n\t\t\t\t\t\t\tbackground-image: linear-gradient( to top, #6fa8a3, #5f878a );}.fusion-button.button-1 .fusion-button-text {text-transform:none;}<\/style><a class=\"fusion-button button-flat fusion-button-default-size button-custom button-1 fusion-button-default-span fusion-button-default-type\" target=\"_self\" href=\"https:\/\/www.epe-saonevallee.org\/?page_id=18\"><span class=\"fusion-button-text\">Nous contacter<\/span><\/a><\/div><div class=\"fusion-clearfix\"><\/div><\/div><\/div><\/div><\/div>\n","protected":false},"excerpt":{"rendered":"","protected":false},"author":1,"featured_media":0,"parent":0,"menu_order":0,"comment_status":"closed","ping_status":"closed","template":"","meta":{"footnotes":""},"_links":{"self":[{"href":"https:\/\/www.epe-saonevallee.org\/index.php?rest_route=\/wp\/v2\/pages\/697"}],"collection":[{"href":"https:\/\/www.epe-saonevallee.org\/index.php?rest_route=\/wp\/v2\/pages"}],"about":[{"href":"https:\/\/www.epe-saonevallee.org\/index.php?rest_route=\/wp\/v2\/types\/page"}],"author":[{"embeddable":true,"href":"https:\/\/www.epe-saonevallee.org\/index.php?rest_route=\/wp\/v2\/users\/1"}],"replies":[{"embeddable":true,"href":"https:\/\/www.epe-saonevallee.org\/index.php?rest_route=%2Fwp%2Fv2%2Fcomments&post=697"}],"version-history":[{"count":6,"href":"https:\/\/www.epe-saonevallee.org\/index.php?rest_route=\/wp\/v2\/pages\/697\/revisions"}],"predecessor-version":[{"id":705,"href":"https:\/\/www.epe-saonevallee.org\/index.php?rest_route=\/wp\/v2\/pages\/697\/revisions\/705"}],"wp:attachment":[{"href":"https:\/\/www.epe-saonevallee.org\/index.php?rest_route=%2Fwp%2Fv2%2Fmedia&parent=697"}],"curies":[{"name":"wp","href":"https:\/\/api.w.org\/{rel}","templated":true}]}}