{"id":74,"date":"2015-09-19T20:49:24","date_gmt":"2015-09-19T20:49:24","guid":{"rendered":"http:\/\/www.dev.epe-saonevallee.org\/?page_id=74"},"modified":"2017-11-01T12:52:51","modified_gmt":"2017-11-01T12:52:51","slug":"jesus-christ","status":"publish","type":"page","link":"https:\/\/www.epe-saonevallee.org\/?page_id=74","title":{"rendered":"J\u00e9sus-Christ"},"content":{"rendered":"<div class=\"fusion-fullwidth fullwidth-box fusion-builder-row-1 hundred-percent-fullwidth non-hundred-percent-height-scrolling\" style=\"background-color: #ffffff;background-position: center center;background-repeat: no-repeat;padding-top:0px;padding-right:0px;padding-bottom:0px;padding-left:0px;margin-bottom: 0px;margin-top: 0px;border-width: 0px 0px 0px 0px;border-color:#eae9e9;border-style:solid;\" ><div class=\"fusion-builder-row fusion-row\"><div class=\"fusion-layout-column fusion_builder_column fusion-builder-column-0 fusion_builder_column_2_3 2_3 fusion-two-third fusion-column-first\" style=\"width:65.3333%; margin-right: 4%;margin-top:0px;margin-bottom:20px;\"><div class=\"fusion-column-wrapper fusion-flex-column-wrapper-legacy\" style=\"background-position:left top;background-repeat:no-repeat;-webkit-background-size:cover;-moz-background-size:cover;-o-background-size:cover;background-size:cover;padding: 0px 0px 0px 0px;\"><div class=\"fusion-text fusion-text-1\"><h1>D\u00e9couvrir J\u00e9sus-Christ<\/h1>\n<p>L\u2019\u00e9vangile de Marc est notre fil rouge pour d\u00e9couvrir ou red\u00e9couvrir J\u00e9sus-Christ tous les premiers dimanches du mois.<\/p>\n<p>Vous pourrez \u00e9couter ici les pr\u00e9dications au fur et \u00e0 mesure de notre progression dans l\u2019\u00e9vangile.<\/p>\n<\/div><div class=\"fusion-clearfix\"><\/div><\/div><\/div><div class=\"fusion-layout-column fusion_builder_column fusion-builder-column-1 fusion_builder_column_1_3 1_3 fusion-one-third fusion-column-last\" style=\"width:30.6666%;margin-top:0px;margin-bottom:20px;\"><div class=\"fusion-column-wrapper fusion-flex-column-wrapper-legacy\" style=\"background-position:left top;background-repeat:no-repeat;-webkit-background-size:cover;-moz-background-size:cover;-o-background-size:cover;background-size:cover;padding: 0px 0px 0px 0px;\"><span class=\" fusion-imageframe imageframe-none imageframe-1 hover-type-none\"><img decoding=\"async\" image_id=\"0\" src=\"http:\/\/www.epe-saonevallee.org\/wp-content\/uploads\/2015\/09\/Bloch-SermonOnTheMount.jpg\" class=\"img-responsive\"\/><\/span><div class=\"fusion-text fusion-text-2\"><p>Le Sermon sur la Montagne, Carl Heinrich Bloch, 1890.<\/p>\n<\/div><div class=\"fusion-clearfix\"><\/div><\/div><\/div><div class=\"fusion-layout-column fusion_builder_column fusion-builder-column-2 fusion_builder_column_1_2 1_2 fusion-one-half fusion-column-first\" style=\"width:48%; margin-right: 4%;margin-top:0px;margin-bottom:20px;\"><div class=\"fusion-column-wrapper fusion-flex-column-wrapper-legacy\" style=\"background-position:left top;background-repeat:no-repeat;-webkit-background-size:cover;-moz-background-size:cover;-o-background-size:cover;background-size:cover;padding: 0px 0px 0px 0px;\"><div class=\"fusion-text fusion-text-3\"><h2>1 &#8211; Pour Marc, J\u00e9sus Christ est la r\u00e9ponse improbable aux attentes des hommes.<\/h2>\n<p>Il se base sur plusieurs \u00e9l\u00e9ments:<br \/>\n&#8211; Les proph\u00e9ties pr\u00e9sentent J\u00e9sus Christ<br \/>\n&#8211; Jean Baptiste pr\u00e9sente J\u00e9sus Christ<br \/>\n&#8211; Le Saint Esprit pr\u00e9sente J\u00e9sus Christ<br \/>\n&#8211; Le P\u00e8re pr\u00e9sente J\u00e9sus Christ<br \/>\n&#8211; La victoire sur le p\u00e9ch\u00e9 pr\u00e9sente J\u00e9sus Christ<\/p>\n<\/div><div class=\"fusion-clearfix\"><\/div><\/div><\/div><div class=\"fusion-layout-column fusion_builder_column fusion-builder-column-3 fusion_builder_column_1_2 1_2 fusion-one-half fusion-column-last\" style=\"width:48%;margin-top:0px;margin-bottom:20px;\"><div class=\"fusion-column-wrapper fusion-flex-column-wrapper-legacy\" style=\"background-position:left top;background-repeat:no-repeat;-webkit-background-size:cover;-moz-background-size:cover;-o-background-size:cover;background-size:cover;padding: 0px 0px 0px 0px;\"><iframe loading=\"lazy\" width=\"100%\" height=\"166\" scrolling=\"no\" frameborder=\"no\" src=\"https:\/\/w.soundcloud.com\/player\/?url=https%3A\/\/api.soundcloud.com\/tracks\/232953145&amp;color=%2372a6a6&amp;auto_play=false&amp;hide_related=false&amp;show_comments=true&amp;show_user=true&amp;show_reposts=false&amp;show_teaser=true\"><\/iframe><div class=\"fusion-clearfix\"><\/div><\/div><\/div><div class=\"fusion-layout-column fusion_builder_column fusion-builder-column-4 fusion_builder_column_1_2 1_2 fusion-one-half fusion-column-first\" style=\"width:48%; margin-right: 4%;margin-top:0px;margin-bottom:20px;\"><div class=\"fusion-column-wrapper fusion-flex-column-wrapper-legacy\" style=\"background-position:left top;background-repeat:no-repeat;-webkit-background-size:cover;-moz-background-size:cover;-o-background-size:cover;background-size:cover;padding: 0px 0px 0px 0px;\"><div class=\"fusion-text fusion-text-4\"><h2>2 &#8211; La bonne nouvelle de J\u00e9sus Christ bouleverse notre quotidien.<\/h2>\n<p>La bonne nouvelle est bouleversante ! Marc nous montre que :<br \/>\n&#8211; La bonne nouvelle bouleverse ceux qui suivent J\u00e9sus<br \/>\n&#8211; La bonne nouvelle bouleverse le royaume des t\u00e9n\u00e8bres<br \/>\n&#8211; La bonne nouvelle bouleverse le d\u00e9sespoir<br \/>\n&#8211; La bonne nouvelle bouleverse notre logique<\/p>\n<\/div><div class=\"fusion-clearfix\"><\/div><\/div><\/div><div class=\"fusion-layout-column fusion_builder_column fusion-builder-column-5 fusion_builder_column_1_2 1_2 fusion-one-half fusion-column-last\" style=\"width:48%;margin-top:0px;margin-bottom:20px;\"><div class=\"fusion-column-wrapper fusion-flex-column-wrapper-legacy\" style=\"background-position:left top;background-repeat:no-repeat;-webkit-background-size:cover;-moz-background-size:cover;-o-background-size:cover;background-size:cover;padding: 0px 0px 0px 0px;\"><iframe loading=\"lazy\" width=\"100%\" height=\"166\" scrolling=\"no\" frameborder=\"no\" src=\"https:\/\/w.soundcloud.com\/player\/?url=https%3A\/\/api.soundcloud.com\/tracks\/232954510&amp;color=%2372a6a6&amp;auto_play=false&amp;hide_related=false&amp;show_comments=true&amp;show_user=true&amp;show_reposts=false&amp;show_teaser=true\"><\/iframe><div class=\"fusion-clearfix\"><\/div><\/div><\/div><div class=\"fusion-layout-column fusion_builder_column fusion-builder-column-6 fusion_builder_column_1_2 1_2 fusion-one-half fusion-column-first\" style=\"width:48%; margin-right: 4%;margin-top:0px;margin-bottom:20px;\"><div class=\"fusion-column-wrapper fusion-flex-column-wrapper-legacy\" style=\"background-position:left top;background-repeat:no-repeat;-webkit-background-size:cover;-moz-background-size:cover;-o-background-size:cover;background-size:cover;padding: 0px 0px 0px 0px;\"><div class=\"fusion-text fusion-text-5\"><h2>3 &#8211; J\u00e9sus veut faire naitre une foi conforme \u00e0 qui il est vraiment.<\/h2>\n<p>Apr\u00e8s avoir racont\u00e9 l&rsquo;enthousiasme suscit\u00e9 par J\u00e9sus, Marc pr\u00e9cise le message qu&rsquo;il veut transmettre en racontant deux anecdotes de la vie de J\u00e9sus. Nous pouvons en tirer 3 points:<\/p>\n<p>&#8211; La foi conforme \u00e0 qui est J\u00e9sus transforme les vies bris\u00e9es<br \/>\n&#8211; La foi conforme \u00e0 qui est J\u00e9sus est difficile \u00e0 comprendre<br \/>\n&#8211; La foi conforme \u00e0 qui est J\u00e9sus est difficile \u00e0 accepter<\/p>\n<\/div><div class=\"fusion-clearfix\"><\/div><\/div><\/div><div class=\"fusion-layout-column fusion_builder_column fusion-builder-column-7 fusion_builder_column_1_2 1_2 fusion-one-half fusion-column-last\" style=\"width:48%;margin-top:0px;margin-bottom:20px;\"><div class=\"fusion-column-wrapper fusion-flex-column-wrapper-legacy\" style=\"background-position:left top;background-repeat:no-repeat;-webkit-background-size:cover;-moz-background-size:cover;-o-background-size:cover;background-size:cover;padding: 0px 0px 0px 0px;\"><iframe loading=\"lazy\" width=\"100%\" height=\"166\" scrolling=\"no\" frameborder=\"no\" src=\"https:\/\/w.soundcloud.com\/player\/?url=https%3A\/\/api.soundcloud.com\/tracks\/233180167&amp;color=%2372a6a6&amp;auto_play=false&amp;hide_related=false&amp;show_comments=true&amp;show_user=true&amp;show_reposts=false&amp;show_teaser=true\"><\/iframe><div class=\"fusion-clearfix\"><\/div><\/div><\/div><div class=\"fusion-layout-column fusion_builder_column fusion-builder-column-8 fusion_builder_column_1_2 1_2 fusion-one-half fusion-column-first\" style=\"width:48%; margin-right: 4%;margin-top:0px;margin-bottom:20px;\"><div class=\"fusion-column-wrapper fusion-flex-column-wrapper-legacy\" style=\"background-position:left top;background-repeat:no-repeat;-webkit-background-size:cover;-moz-background-size:cover;-o-background-size:cover;background-size:cover;padding: 0px 0px 0px 0px;\"><div class=\"fusion-text fusion-text-6\"><h2>4 &#8211; J\u00e9sus Christ fait \u00e9clater la religion des hommes.<\/h2>\n<p>Pour beaucoup, la religion est la cause de beaucoup de probl\u00e8mes. J\u00e9sus partage ce point de vue et confronte les responsables religieux de son temps, il propose autre chose. 4 id\u00e9es cl\u00e9s ressortent de ce texte :<\/p>\n<p>&#8211; J\u00e9sus appelle les p\u00e9cheurs, la religion les condamne<br \/>\n&#8211; J\u00e9sus est un sujet de joie, la religion de tristesse<br \/>\n&#8211; J\u00e9sus nous donne le repos, la religion nous le vole<br \/>\n&#8211; J\u00e9sus fait du bien, la religion ne change rien<\/p>\n<\/div><div class=\"fusion-clearfix\"><\/div><\/div><\/div><div class=\"fusion-layout-column fusion_builder_column fusion-builder-column-9 fusion_builder_column_1_2 1_2 fusion-one-half fusion-column-last\" style=\"width:48%;margin-top:0px;margin-bottom:20px;\"><div class=\"fusion-column-wrapper fusion-flex-column-wrapper-legacy\" style=\"background-position:left top;background-repeat:no-repeat;-webkit-background-size:cover;-moz-background-size:cover;-o-background-size:cover;background-size:cover;padding: 0px 0px 0px 0px;\"><iframe loading=\"lazy\" width=\"100%\" height=\"166\" scrolling=\"no\" frameborder=\"no\" src=\"https:\/\/w.soundcloud.com\/player\/?url=https%3A\/\/api.soundcloud.com\/tracks\/302334749&amp;color=%2372a6a6&amp;auto_play=false&amp;hide_related=false&amp;show_comments=true&amp;show_user=true&amp;show_reposts=false&amp;show_teaser=true\"><\/iframe><div class=\"fusion-clearfix\"><\/div><\/div><\/div><div class=\"fusion-layout-column fusion_builder_column fusion-builder-column-10 fusion_builder_column_1_2 1_2 fusion-one-half fusion-column-first\" style=\"width:48%; margin-right: 4%;margin-top:0px;margin-bottom:20px;\"><div class=\"fusion-column-wrapper fusion-flex-column-wrapper-legacy\" style=\"background-position:left top;background-repeat:no-repeat;-webkit-background-size:cover;-moz-background-size:cover;-o-background-size:cover;background-size:cover;padding: 0px 0px 0px 0px;\"><div class=\"fusion-text fusion-text-7\"><h2>5 &#8211; Et pour toi, J\u00e9sus est-il fou, mauvais, ou ton fr\u00e8re ?<\/h2>\n<p>J\u00e9sus a suscit\u00e9 des r\u00e9actions tr\u00e8s diverses : incompr\u00e9hension, rejet, admiration. Il explique que la seule r\u00e9ponse ad\u00e9quate \u00e0 son invitation est de devenir son disciple en demeurant avec lui et en participant \u00e0 sa mission. Tout le monde ne l&rsquo;accepte pas, loin de l\u00e0 ! Ce texte de l&rsquo;\u00e9vangile de Marc fait ressortir 3 r\u00e9actions face \u00e0 J\u00e9sus :<\/p>\n<p>&#8211; Fou : J\u00e9sus est critiqu\u00e9 par sa famille biologique<br \/>\n&#8211; Mauvais : J\u00e9sus est condamn\u00e9 par les responsables religieux<br \/>\n&#8211; Ton fr\u00e8re : J\u00e9sus est entour\u00e9 par sa famille spirituelle<\/p>\n<p>Et pour toi, qui est-il ? J\u00e9sus veut t\u2019appeler \u00ab\u00a0ma s\u0153ur\u00a0\u00bb ou \u00ab\u00a0mon fr\u00e8re\u00a0\u00bb.<\/p>\n<\/div><div class=\"fusion-clearfix\"><\/div><\/div><\/div><div class=\"fusion-layout-column fusion_builder_column fusion-builder-column-11 fusion_builder_column_1_2 1_2 fusion-one-half fusion-column-last\" style=\"width:48%;margin-top:0px;margin-bottom:20px;\"><div class=\"fusion-column-wrapper fusion-flex-column-wrapper-legacy\" style=\"background-position:left top;background-repeat:no-repeat;-webkit-background-size:cover;-moz-background-size:cover;-o-background-size:cover;background-size:cover;padding: 0px 0px 0px 0px;\"><iframe loading=\"lazy\" width=\"100%\" height=\"166\" scrolling=\"no\" frameborder=\"no\" src=\"https:\/\/w.soundcloud.com\/player\/?url=https%3A\/\/api.soundcloud.com\/tracks\/302334684&amp;color=%2372a6a6&amp;auto_play=false&amp;hide_related=false&amp;show_comments=true&amp;show_user=true&amp;show_reposts=false&amp;show_teaser=true\"><\/iframe><div class=\"fusion-clearfix\"><\/div><\/div><\/div><div class=\"fusion-layout-column fusion_builder_column fusion-builder-column-12 fusion_builder_column_1_2 1_2 fusion-one-half fusion-column-first\" style=\"width:48%; margin-right: 4%;margin-top:0px;margin-bottom:20px;\"><div class=\"fusion-column-wrapper fusion-flex-column-wrapper-legacy\" style=\"background-position:left top;background-repeat:no-repeat;-webkit-background-size:cover;-moz-background-size:cover;-o-background-size:cover;background-size:cover;padding: 0px 0px 0px 0px;\"><div class=\"fusion-text fusion-text-8\"><h2>6 &#8211; Mettre sa foi en J\u00e9sus r\u00e9v\u00e8le sa puissance qui chamboule nos attentes humaines.<\/h2>\n<p>Une interrogation est partag\u00e9e par tous ceux qui ont rencontr\u00e9 J\u00e9sus <em>de visu<\/em> : mais qui est donc cet homme ? L&rsquo;attitude de c\u0153ur des diff\u00e9rentes personnes vont r\u00e9v\u00e9ler une r\u00e9ponse diff\u00e9rente :<\/p>\n<p>&#8211; J\u00e9sus est bien plus qu&rsquo;un homme, Dieu lui-m\u00eame<br \/>\ncar il est plus fort que la nature<br \/>\ncar il est plus fort que le monde surnaturel<br \/>\ncar il est plus fort que la maladie et la mort<\/p>\n<p>&#8211; J\u00e9sus est bien plus qu&rsquo;un homme, par la foi<br \/>\nqui nous permet de s&rsquo;approcher de lui<br \/>\nqui fait face \u00e0 des obstacles<br \/>\nqui doit donner plus que ce qu&rsquo;on veut bien donner<\/p>\n<p>&#8211; J\u00e9sus est bien plus qu&rsquo;un homme, il suscite la crainte<\/p>\n<p>Devant de telles r\u00e9alisations, certains mettent leur foi en lui, d&rsquo;autres doutent : \u00ab\u00a0Mais c&rsquo;est le fils de Joseph, le charpentier\u00a0\u00bb&#8230; Devant ces multiples r\u00e9ponses, J\u00e9sus propose de calmer la temp\u00eate dans les vies de ceux qui ont confiance en lui.<\/p>\n<\/div><div class=\"fusion-clearfix\"><\/div><\/div><\/div><div class=\"fusion-layout-column fusion_builder_column fusion-builder-column-13 fusion_builder_column_1_2 1_2 fusion-one-half fusion-column-last\" style=\"width:48%;margin-top:0px;margin-bottom:20px;\"><div class=\"fusion-column-wrapper fusion-flex-column-wrapper-legacy\" style=\"background-position:left top;background-repeat:no-repeat;-webkit-background-size:cover;-moz-background-size:cover;-o-background-size:cover;background-size:cover;padding: 0px 0px 0px 0px;\"><iframe loading=\"lazy\" width=\"100%\" height=\"166\" scrolling=\"no\" frameborder=\"no\" src=\"https:\/\/w.soundcloud.com\/player\/?url=https%3A\/\/api.soundcloud.com\/tracks\/302335033&amp;color=%2372a6a6&amp;auto_play=false&amp;hide_related=false&amp;show_comments=true&amp;show_user=true&amp;show_reposts=false&amp;show_teaser=true\"><\/iframe><div class=\"fusion-clearfix\"><\/div><\/div><\/div><\/div><style type=\"text\/css\">.fusion-fullwidth.fusion-builder-row-1 { overflow:visible; }<\/style><\/div>\n","protected":false},"excerpt":{"rendered":"","protected":false},"author":1,"featured_media":0,"parent":13,"menu_order":20,"comment_status":"closed","ping_status":"open","template":"","meta":{"footnotes":""},"_links":{"self":[{"href":"https:\/\/www.epe-saonevallee.org\/index.php?rest_route=\/wp\/v2\/pages\/74"}],"collection":[{"href":"https:\/\/www.epe-saonevallee.org\/index.php?rest_route=\/wp\/v2\/pages"}],"about":[{"href":"https:\/\/www.epe-saonevallee.org\/index.php?rest_route=\/wp\/v2\/types\/page"}],"author":[{"embeddable":true,"href":"https:\/\/www.epe-saonevallee.org\/index.php?rest_route=\/wp\/v2\/users\/1"}],"replies":[{"embeddable":true,"href":"https:\/\/www.epe-saonevallee.org\/index.php?rest_route=%2Fwp%2Fv2%2Fcomments&post=74"}],"version-history":[{"count":22,"href":"https:\/\/www.epe-saonevallee.org\/index.php?rest_route=\/wp\/v2\/pages\/74\/revisions"}],"predecessor-version":[{"id":344,"href":"https:\/\/www.epe-saonevallee.org\/index.php?rest_route=\/wp\/v2\/pages\/74\/revisions\/344"}],"up":[{"embeddable":true,"href":"https:\/\/www.epe-saonevallee.org\/index.php?rest_route=\/wp\/v2\/pages\/13"}],"wp:attachment":[{"href":"https:\/\/www.epe-saonevallee.org\/index.php?rest_route=%2Fwp%2Fv2%2Fmedia&parent=74"}],"curies":[{"name":"wp","href":"https:\/\/api.w.org\/{rel}","templated":true}]}}