{"id":775,"date":"2025-12-16T16:35:26","date_gmt":"2025-12-16T16:35:26","guid":{"rendered":"https:\/\/www.epe-saonevallee.org\/?page_id=775"},"modified":"2025-12-16T16:47:15","modified_gmt":"2025-12-16T16:47:15","slug":"eveil-a-lamour-de-dieu","status":"publish","type":"page","link":"https:\/\/www.epe-saonevallee.org\/?page_id=775","title":{"rendered":"Eveil \u00e0 l&rsquo;amour de Dieu"},"content":{"rendered":"<div class=\"aju\"><\/div>\n<div class=\"gs\">\n<div id=\":49j\">\n<h1 class=\"wl4W9b\">Ateliers de d\u00e9couverte de la personne de Dieu<\/h1>\n<\/div>\n<div class=\"\">\n<div id=\":49m\" class=\"ii gt\">\n<div id=\":49l\" class=\"a3s aiL\">\n<div id=\"avWBGd-360\">\n<div dir=\"ltr\">\n<h2>Pour qui?<\/h2>\n<div>Un groupe diff\u00e9rent est propos\u00e9 selon la tranche d&rsquo;\u00e2ge:<\/div>\n<div>-pour les enfants de 3 \u00e0 6 ans<\/div>\n<div>-pour les primaires<\/div>\n<div>-pour les coll\u00e9giens et les lyc\u00e9ens<\/div>\n<div>-pour les adultes<\/div>\n<div><\/div>\n<h2><\/h2>\n<h2>Objectifs<\/h2>\n<div>\n<ul>\n<li>D\u00e9couverte ou red\u00e9couverte de la foi chr\u00e9tienne<\/li>\n<li>R\u00e9ponses aux questions existentielles sur la vie, la mort, Dieu, l&rsquo;amour&#8230;<\/li>\n<li>Appropriation d&rsquo;outils pour vivre sa spiritualit\u00e9<\/li>\n<\/ul>\n<div><\/div>\n<div>Dans une ambiance d\u00e9tendue, relationnelle, respectueuse et solennelle.<\/div>\n<div><\/div>\n<div>Les supports utilis\u00e9s sont inspir\u00e9s des outils Montessori. Des objets en bois et en tissu permettent de raconter les histoires mais aussi de vivre sa foi. L&rsquo;autonomie de chacun est respect\u00e9e afin de cr\u00e9er un espace de rencontre de chaque participant avec Dieu.<\/div>\n<h2><\/h2>\n<\/div>\n<\/div>\n<\/div>\n<\/div>\n<\/div>\n<\/div>\n<\/div>\n<div class=\"gs\">\n<div class=\"\">\n<div id=\":49m\" class=\"ii gt\">\n<div id=\":49l\" class=\"a3s aiL\">\n<div id=\"avWBGd-360\">\n<div dir=\"ltr\">\n<div>\n<div>Doriane Biancheri, qui a d\u00e9velopp\u00e9 la m\u00e9thode \u00ab\u00a0\u00e9veil \u00e0 l&rsquo;amour de Dieu\u00a0\u00bb anime les s\u00e9ances tout au long de l&rsquo;ann\u00e9e au rythme d&rsquo;une s\u00e9ance toutes les 2 \u00e0 4 semaines. Les dates sont fix\u00e9es avec les participants.<\/div>\n<div>Le tarif est de 15 euros pour l&rsquo;ann\u00e9e par personne.<\/div>\n<\/div>\n<\/div>\n<\/div>\n<\/div>\n<\/div>\n<\/div>\n<\/div>\n","protected":false},"excerpt":{"rendered":"<p>Ateliers de d\u00e9couverte de la personne de Dieu Pour qui? Un groupe diff\u00e9rent est propos\u00e9 selon la tranche d&rsquo;\u00e2ge: -pour les enfants de 3 \u00e0 6 ans -pour les primaires -pour les coll\u00e9giens et les lyc\u00e9ens -pour les adultes Objectifs D\u00e9couverte ou red\u00e9couverte de la foi chr\u00e9tienne R\u00e9ponses aux questions existentielles sur la vie, la [&hellip;]<\/p>\n","protected":false},"author":1,"featured_media":0,"parent":0,"menu_order":0,"comment_status":"closed","ping_status":"closed","template":"","meta":{"footnotes":""},"_links":{"self":[{"href":"https:\/\/www.epe-saonevallee.org\/index.php?rest_route=\/wp\/v2\/pages\/775"}],"collection":[{"href":"https:\/\/www.epe-saonevallee.org\/index.php?rest_route=\/wp\/v2\/pages"}],"about":[{"href":"https:\/\/www.epe-saonevallee.org\/index.php?rest_route=\/wp\/v2\/types\/page"}],"author":[{"embeddable":true,"href":"https:\/\/www.epe-saonevallee.org\/index.php?rest_route=\/wp\/v2\/users\/1"}],"replies":[{"embeddable":true,"href":"https:\/\/www.epe-saonevallee.org\/index.php?rest_route=%2Fwp%2Fv2%2Fcomments&post=775"}],"version-history":[{"count":7,"href":"https:\/\/www.epe-saonevallee.org\/index.php?rest_route=\/wp\/v2\/pages\/775\/revisions"}],"predecessor-version":[{"id":783,"href":"https:\/\/www.epe-saonevallee.org\/index.php?rest_route=\/wp\/v2\/pages\/775\/revisions\/783"}],"wp:attachment":[{"href":"https:\/\/www.epe-saonevallee.org\/index.php?rest_route=%2Fwp%2Fv2%2Fmedia&parent=775"}],"curies":[{"name":"wp","href":"https:\/\/api.w.org\/{rel}","templated":true}]}}