{"id":795,"date":"2026-01-02T13:40:53","date_gmt":"2026-01-02T13:40:53","guid":{"rendered":"https:\/\/www.epe-saonevallee.org\/?page_id=795"},"modified":"2026-01-19T15:01:40","modified_gmt":"2026-01-19T15:01:40","slug":"ce-jesus-qui-me-repare","status":"publish","type":"page","link":"https:\/\/www.epe-saonevallee.org\/?page_id=795","title":{"rendered":"Ce J\u00e9sus qui me r\u00e9pare"},"content":{"rendered":"<div class=\"fusion-fullwidth fullwidth-box fusion-builder-row-1 fusion-flex-container nonhundred-percent-fullwidth non-hundred-percent-height-scrolling\" style=\"background-color: #ffffff;background-position: center center;background-repeat: no-repeat;border-width: 0px 0px 0px 0px;border-color:#eae9e9;border-style:solid;\" ><div class=\"fusion-builder-row fusion-row fusion-flex-align-items-flex-start\" style=\"max-width:936px;margin-left: calc(-4% \/ 2 );margin-right: calc(-4% \/ 2 );\"><div class=\"fusion-layout-column fusion_builder_column fusion-builder-column-0 fusion_builder_column_1_1 1_1 fusion-flex-column\"><div class=\"fusion-column-wrapper fusion-flex-justify-content-flex-start fusion-content-layout-column\" style=\"background-position:left top;background-repeat:no-repeat;-webkit-background-size:cover;-moz-background-size:cover;-o-background-size:cover;background-size:cover;padding: 0px 0px 0px 0px;\"><div style=\"text-align:center;\"><span class=\" fusion-imageframe imageframe-none imageframe-1 hover-type-zoomin fusion-no-small-visibility fusion-no-medium-visibility\"><img decoding=\"async\" width=\"2560\" image_height=\"630\" image_id=\"797\" title=\"baniere\" src=\"http:\/\/www.epe-saonevallee.org\/wp-content\/uploads\/2026\/01\/baniere-1-scaled.jpg\" class=\"img-responsive wp-image-797\" srcset=\"https:\/\/www.epe-saonevallee.org\/wp-content\/uploads\/2026\/01\/baniere-1-200x49.jpg 200w, https:\/\/www.epe-saonevallee.org\/wp-content\/uploads\/2026\/01\/baniere-1-400x98.jpg 400w, https:\/\/www.epe-saonevallee.org\/wp-content\/uploads\/2026\/01\/baniere-1-600x148.jpg 600w, https:\/\/www.epe-saonevallee.org\/wp-content\/uploads\/2026\/01\/baniere-1-800x197.jpg 800w, https:\/\/www.epe-saonevallee.org\/wp-content\/uploads\/2026\/01\/baniere-1-1200x295.jpg 1200w, https:\/\/www.epe-saonevallee.org\/wp-content\/uploads\/2026\/01\/baniere-1-scaled.jpg 2560w\" sizes=\"(max-width: 1024px) 100vw, (max-width: 640px) 100vw, 1200px\" \/><\/span><\/div><div style=\"text-align:center;\"><span class=\" fusion-imageframe imageframe-none imageframe-2 hover-type-zoomin fusion-no-medium-visibility fusion-no-large-visibility\"><img decoding=\"async\" width=\"2181\" image_height=\"1688\" image_id=\"810\" title=\"visuel responsive\" src=\"http:\/\/www.epe-saonevallee.org\/wp-content\/uploads\/2026\/01\/visuel-responsive.jpg\" class=\"img-responsive wp-image-810\" srcset=\"https:\/\/www.epe-saonevallee.org\/wp-content\/uploads\/2026\/01\/visuel-responsive-200x155.jpg 200w, https:\/\/www.epe-saonevallee.org\/wp-content\/uploads\/2026\/01\/visuel-responsive-400x310.jpg 400w, https:\/\/www.epe-saonevallee.org\/wp-content\/uploads\/2026\/01\/visuel-responsive-600x464.jpg 600w, https:\/\/www.epe-saonevallee.org\/wp-content\/uploads\/2026\/01\/visuel-responsive-800x619.jpg 800w, https:\/\/www.epe-saonevallee.org\/wp-content\/uploads\/2026\/01\/visuel-responsive-1200x929.jpg 1200w, https:\/\/www.epe-saonevallee.org\/wp-content\/uploads\/2026\/01\/visuel-responsive.jpg 2181w\" sizes=\"(max-width: 1024px) 100vw, (max-width: 640px) 100vw, 1200px\" \/><\/span><\/div><div style=\"text-align:center;\"><span class=\" fusion-imageframe imageframe-none imageframe-3 hover-type-zoomin fusion-no-small-visibility fusion-no-large-visibility\"><img decoding=\"async\" width=\"1993\" image_height=\"1000\" image_id=\"808\" title=\"serie ce Jesus qui me repare\" src=\"http:\/\/www.epe-saonevallee.org\/wp-content\/uploads\/2026\/01\/serie-ce-Jesus-qui-me-repare-1.jpg\" class=\"img-responsive wp-image-808\" srcset=\"https:\/\/www.epe-saonevallee.org\/wp-content\/uploads\/2026\/01\/serie-ce-Jesus-qui-me-repare-1-200x100.jpg 200w, https:\/\/www.epe-saonevallee.org\/wp-content\/uploads\/2026\/01\/serie-ce-Jesus-qui-me-repare-1-400x201.jpg 400w, https:\/\/www.epe-saonevallee.org\/wp-content\/uploads\/2026\/01\/serie-ce-Jesus-qui-me-repare-1-600x301.jpg 600w, https:\/\/www.epe-saonevallee.org\/wp-content\/uploads\/2026\/01\/serie-ce-Jesus-qui-me-repare-1-800x401.jpg 800w, https:\/\/www.epe-saonevallee.org\/wp-content\/uploads\/2026\/01\/serie-ce-Jesus-qui-me-repare-1-1200x602.jpg 1200w, https:\/\/www.epe-saonevallee.org\/wp-content\/uploads\/2026\/01\/serie-ce-Jesus-qui-me-repare-1.jpg 1993w\" sizes=\"(max-width: 1024px) 100vw, (max-width: 640px) 100vw, 1200px\" \/><\/span><\/div><div class=\"fusion-separator fusion-full-width-sep\" style=\"align-self: center;margin-left: auto;margin-right: auto;margin-top:10%;width:100%;\"><\/div><div class=\"fusion-text fusion-text-1\"><h2><b>Je suis sp\u00e9cial donc je suis\u2026mais J\u00e9sus me d\u00e9finit.<\/b><\/h2>\n<p><span style=\"font-weight: 400;\">Dimanche 18 janvier &#8211; <em>Nous refusons d&rsquo;\u00eatre mis dans une case. Le conformisme est une faiblesse. Mais alors, comment se construire? Comment diriger sa vie si la transgression est notre boussole?<\/em><\/span><\/p>\n<h2><b>Je chemine donc je suis\u2026mais J\u00e9sus est la v\u00e9rit\u00e9.<\/b><\/h2>\n<p><span style=\"font-weight: 400;\">Dimanche 1er f\u00e9vrier &#8211; <em>Les hippies voyageaient pour rechercher Dieu et se trouver eux m\u00eame. Aujourd&rsquo;hui, la foi est parfois v\u00e9cue comme un long chemin de recherche et d\u00e9couverte. Affirmer un \u00ab\u00a0dogme\u00a0\u00bb est suspect. Et si nous pouvions arriver \u00e0 destination?<\/em><\/span><\/p>\n<h2><b>Je ressens donc je suis\u2026mais J\u00e9sus me donne l&rsquo;intelligence.<\/b><\/h2>\n<p><span style=\"font-weight: 400; font-size: 16px;\">Dimanche 22 f\u00e9vrier &#8211; <em>Nous souhaitons suivre notre ressenti. Se laisser guider par notre instinct. Mais qui n&rsquo;a jamais \u00e9t\u00e9 bern\u00e9 par ses \u00e9motions? Comment concilier nos \u00e9motions et une saine intelligence pour vivre une vie en abondance?<\/em><\/span><\/p>\n<h2><b>Je profite donc je suis\u2026mais J\u00e9sus m&rsquo;\u00e9merveille.<\/b><\/h2>\n<p><span style=\"font-weight: 400;\">Dimanche 8 mars &#8211; <em>Nous voulons vivre une vie de plaisir. C&rsquo;est notre crit\u00e8re de r\u00e9ussite: pouvons nous profiter? Mais qui peut dire qu&rsquo;il a assez profit\u00e9? Comment vivre quand les difficult\u00e9s cassent nos aspirations \u00e0 une \u00ab\u00a0vie de bonheur\u00a0\u00bb? Est ce que le dernier cocktail \u00e0 la mode est tout ce qu&rsquo;il y a \u00e0 vivre?<\/em><\/span><\/p>\n<h2><b>Je porte mes diff\u00e9rences donc je suis\u2026mais J\u00e9sus m&rsquo;int\u00e8gre dans sa communaut\u00e9.<\/b><\/h2>\n<p><span style=\"font-weight: 400;\">Dimanche 22 mars &#8211; <em>Nous vivons dans une soci\u00e9t\u00e9 multiculturelle. Cette diversit\u00e9 est parfois vu comme une chance, parfois comme une difficult\u00e9. Nous voulons revendiquer nos origines. Comment concilier mon identit\u00e9 et ma communaut\u00e9 avec J\u00e9sus?<\/em><\/span><\/p>\n<h2><b>Je me d\u00e9brouille donc je suis\u2026mais J\u00e9sus me dirige.<\/b><\/h2>\n<p><span style=\"font-weight: 400;\">Dimanche 19 avril &#8211; <em>Construire sa vie est compliqu\u00e9. March\u00e9 du travail. Etudes. Se loger. Rencontrer quelqu&rsquo;un de bien&#8230;et aussi les tentations de la drogue, du scrolling infini&#8230;Et pour faire quoi de sa vie? Comment d\u00e9passer la simple \u00ab\u00a0survie\u00a0\u00bb et vivre la vie abondante que J\u00e9sus veut nous offrir?<\/em><\/span><\/p>\n<\/div><\/div><\/div><style type=\"text\/css\">.fusion-body .fusion-builder-column-0{width:100% !important;margin-top : 0px;margin-bottom : 20px;}.fusion-builder-column-0 > .fusion-column-wrapper {padding-top : 0px !important;padding-right : 0px !important;margin-right : 1.92%;padding-bottom : 0px !important;padding-left : 0px !important;margin-left : 1.92%;}@media only screen and (max-width:1024px) {.fusion-body .fusion-builder-column-0{width:100% !important;order : 0;}.fusion-builder-column-0 > .fusion-column-wrapper {margin-right : 1.92%;margin-left : 1.92%;}}@media only screen and (max-width:640px) {.fusion-body .fusion-builder-column-0{width:100% !important;order : 0;}.fusion-builder-column-0 > .fusion-column-wrapper {margin-right : 1.92%;margin-left : 1.92%;}}<\/style><\/div><style type=\"text\/css\">.fusion-body .fusion-flex-container.fusion-builder-row-1{ padding-top : 0px;margin-top : 0px;padding-right : 0px;padding-bottom : 0px;margin-bottom : 0px;padding-left : 0px;}<\/style><\/div>\n","protected":false},"excerpt":{"rendered":"","protected":false},"author":1,"featured_media":0,"parent":0,"menu_order":0,"comment_status":"closed","ping_status":"closed","template":"","meta":{"footnotes":""},"_links":{"self":[{"href":"https:\/\/www.epe-saonevallee.org\/index.php?rest_route=\/wp\/v2\/pages\/795"}],"collection":[{"href":"https:\/\/www.epe-saonevallee.org\/index.php?rest_route=\/wp\/v2\/pages"}],"about":[{"href":"https:\/\/www.epe-saonevallee.org\/index.php?rest_route=\/wp\/v2\/types\/page"}],"author":[{"embeddable":true,"href":"https:\/\/www.epe-saonevallee.org\/index.php?rest_route=\/wp\/v2\/users\/1"}],"replies":[{"embeddable":true,"href":"https:\/\/www.epe-saonevallee.org\/index.php?rest_route=%2Fwp%2Fv2%2Fcomments&post=795"}],"version-history":[{"count":12,"href":"https:\/\/www.epe-saonevallee.org\/index.php?rest_route=\/wp\/v2\/pages\/795\/revisions"}],"predecessor-version":[{"id":817,"href":"https:\/\/www.epe-saonevallee.org\/index.php?rest_route=\/wp\/v2\/pages\/795\/revisions\/817"}],"wp:attachment":[{"href":"https:\/\/www.epe-saonevallee.org\/index.php?rest_route=%2Fwp%2Fv2%2Fmedia&parent=795"}],"curies":[{"name":"wp","href":"https:\/\/api.w.org\/{rel}","templated":true}]}}